{"id":2923,"date":"2021-05-23T12:47:00","date_gmt":"2021-05-23T15:47:00","guid":{"rendered":"https:\/\/institutosantacruz.edu.ar\/?page_id=2923"},"modified":"2023-05-17T18:08:33","modified_gmt":"2023-05-17T21:08:33","slug":"videos-institucionales","status":"publish","type":"page","link":"https:\/\/institutosantacruz.edu.ar\/?page_id=2923","title":{"rendered":"Videos Institucionales"},"content":{"rendered":"<p>[et_pb_section fb_built=\u00bb1&#8243; _builder_version=\u00bb4.16&#8243; background_color=\u00bb#c4e4ff\u00bb global_colors_info=\u00bb{}\u00bb][et_pb_row admin_label=\u00bbFila\u00bb _builder_version=\u00bb4.16&#8243; background_color=\u00bbrgba(0,0,0,0)\u00bb background_enable_image=\u00bboff\u00bb width=\u00bb100%\u00bb max_width=\u00bb100%\u00bb min_height=\u00bb206px\u00bb custom_margin=\u00bb-50px|auto|0px|auto|false|false\u00bb custom_padding=\u00bb||0px||false|false\u00bb locked=\u00bboff\u00bb global_colors_info=\u00bb{}\u00bb][et_pb_column type=\u00bb4_4&#8243; _builder_version=\u00bb4.16&#8243; background_color=\u00bb#1c6634&#8243; global_colors_info=\u00bb{}\u00bb][et_pb_slider _builder_version=\u00bb4.16&#8243; background_color=\u00bb#1b266b\u00bb width=\u00bb100%\u00bb max_width=\u00bb100%\u00bb content_max_width=\u00bb100%\u00bb min_height=\u00bb65px\u00bb custom_margin=\u00bb-24px||-1px||false|false\u00bb custom_padding=\u00bb4px||0px||false|false\u00bb global_colors_info=\u00bb{}\u00bb][et_pb_slide button_text_tablet=\u00bb\u00bb button_text_phone=\u00bb\u00bb button_text_last_edited=\u00bbon|tablet\u00bb content_tablet=\u00bb<\/p>\n<p style=%22text-align: center;%22><span style=%22color: #eb5740; font-size: medium;%22><span style=%22font-family: inherit;%22>             BIENVENIDOS A PARROQUIA SANTA CRUZ<\/span><\/span><\/p>\n<p style=%22text-align: center;%22><span style=%22font-size: xx-large;%22>          %22Vivimos en fraternidad,<\/span><br \/> <span style=%22font-size: xx-large;%22>                        somos dise\u00f1o en construcci\u00f3n,<br \/><\/span><span style=%22font-size: xx-large;%22>                 latidos de un gran coraz\u00f3n <\/span><span style=%22font-size: xx-large;%22><br \/>que se abre y ama%22<\/span><\/p>\n<p>\u00bb content_phone=\u00bb\u00bb content_last_edited=\u00bbon|tablet\u00bb _builder_version=\u00bb4.16&#8243; background_enable_color=\u00bbon\u00bb background_enable_image=\u00bboff\u00bb global_colors_info=\u00bb{}\u00bb sticky_transition=\u00bbon\u00bb]<\/p>\n<div style=\"margin-top: 8%; margin-left: 20%;\">\n<div>\n<h1 style=\"font-size: 45px; font-weight: normal; color: #ffffff; text-align: left;\">VIDEOS INSTITUCIONALES<\/h1>\n<\/div>\n<div>\n<h3 style=\"font-size: 15px; font-weight: normal; color: #ffffff; letter-spacing: 3px; text-align: left;\">INTER\u00c9S GENERAL<\/h3>\n<\/div>\n<\/div>\n<p>[\/et_pb_slide][\/et_pb_slider][\/et_pb_column][\/et_pb_row][et_pb_row column_structure=\u00bb1_2,1_2&#8243; _builder_version=\u00bb4.16&#8243; custom_margin=\u00bb3px|452px||auto|false|false\u00bb global_colors_info=\u00bb{}\u00bb][et_pb_column type=\u00bb1_2&#8243; _builder_version=\u00bb4.16&#8243; global_colors_info=\u00bb{}\u00bb][et_pb_text _builder_version=\u00bb4.19.5&#8243; background_color=\u00bb#007fe0&#8243; hover_enabled=\u00bb0&#8243; global_colors_info=\u00bb{}\u00bb sticky_enabled=\u00bb0&#8243;]<\/p>\n<p style=\"text-align: center;\"><span style=\"color: #ffffff;\">Campa\u00f1a solidaria<\/span><\/p>\n<p>[\/et_pb_text][et_pb_text _builder_version=\u00bb4.19.5&#8243; _module_preset=\u00bbdefault\u00bb hover_enabled=\u00bb0&#8243; sticky_enabled=\u00bb0&#8243;]<\/p>\n<p>La campa\u00f1a solidaria que hicimos en la comunidad del colegio nos permiti\u00f3 juntar alimentos, art\u00edculos de higiene y calzados que ser\u00e1n compartidos con las comunidades pasionistas de Metan (Salta) e Ingeniero Ju\u00e1rez (Formosa)<\/p>\n<p>[\/et_pb_text][et_pb_video src=\u00bbhttps:\/\/www.youtube.com\/watch?v=4bwlTUNulQA\u00bb _builder_version=\u00bb4.19.5&#8243; hover_enabled=\u00bb0&#8243; global_colors_info=\u00bb{}\u00bb sticky_enabled=\u00bb0&#8243;][\/et_pb_video][et_pb_divider _builder_version=\u00bb4.16&#8243; global_colors_info=\u00bb{}\u00bb][\/et_pb_divider][et_pb_video src=\u00bbhttps:\/\/www.youtube.com\/watch?v=JVtZ0mMY_as\u00bb _builder_version=\u00bb4.16&#8243; global_colors_info=\u00bb{}\u00bb][\/et_pb_video][et_pb_divider _builder_version=\u00bb4.16&#8243; global_colors_info=\u00bb{}\u00bb][\/et_pb_divider][et_pb_text _builder_version=\u00bb4.16&#8243; background_color=\u00bb#007fe0&#8243; global_colors_info=\u00bb{}\u00bb]<\/p>\n<p style=\"text-align: center;\"><span style=\"color: #ffffff;\">Esperanza<\/span><\/p>\n<p>[\/et_pb_text][et_pb_video src=\u00bbhttps:\/\/youtu.be\/igU2u4dKei4&#8243; _builder_version=\u00bb4.16&#8243; global_colors_info=\u00bb{}\u00bb][\/et_pb_video][\/et_pb_column][et_pb_column type=\u00bb1_2&#8243; _builder_version=\u00bb4.16&#8243; global_colors_info=\u00bb{}\u00bb][et_pb_text _builder_version=\u00bb4.19.5&#8243; background_color=\u00bb#007fe0&#8243; hover_enabled=\u00bb0&#8243; global_colors_info=\u00bb{}\u00bb sticky_enabled=\u00bb0&#8243;]<\/p>\n<p style=\"text-align: center;\"><span style=\"color: #ffffff;\">Encuentro con la comunidad WICHI<\/span><\/p>\n<p>[\/et_pb_text][et_pb_text _builder_version=\u00bb4.19.5&#8243; _module_preset=\u00bbdefault\u00bb hover_enabled=\u00bb0&#8243; sticky_enabled=\u00bb0&#8243; custom_padding=\u00bb||0px|||\u00bb text_line_height=\u00bb1em\u00bb]<\/p>\n<p>Desde el 8 al 12 de Mayo nos visitaron 6 estudiantes universitarios Wichi; fueron acompa\u00f1ados por dos tutores.<\/p>\n<p>Compartimos en torno a la sabidur\u00eda ancestral.<\/p>\n<p>Fueron d\u00edas de encuentro y fiesta.<\/p>\n<p>Aqu\u00ed presentamos el video donde registramos el encuentro con el nivel inicial.<\/p>\n<p>En facebook se pueden ver los videos en vivo que dan cuenta de los encuentros con los otros niveles.<\/p>\n<p>[\/et_pb_text][et_pb_video src=\u00bbhttps:\/\/www.youtube.com\/watch?v=2VUpwDrRn0c\u00bb _builder_version=\u00bb4.19.5&#8243; hover_enabled=\u00bb0&#8243; global_colors_info=\u00bb{}\u00bb sticky_enabled=\u00bb0&#8243;][\/et_pb_video][et_pb_divider _builder_version=\u00bb4.16&#8243; global_colors_info=\u00bb{}\u00bb][\/et_pb_divider][et_pb_video src=\u00bbhttps:\/\/institutosantacruz.edu.ar\/wp-content\/uploads\/2021\/04\/inscripci\u00f3n-2022-General.mp4&#8243; _builder_version=\u00bb4.19.5&#8243; hover_enabled=\u00bb0&#8243; global_colors_info=\u00bb{}\u00bb sticky_enabled=\u00bb0&#8243;][\/et_pb_video][et_pb_divider _builder_version=\u00bb4.16&#8243; global_colors_info=\u00bb{}\u00bb][\/et_pb_divider][et_pb_text _builder_version=\u00bb4.16&#8243; background_color=\u00bb#007fe0&#8243; global_colors_info=\u00bb{}\u00bb]<\/p>\n<p style=\"text-align: center;\"><span style=\"color: #ffffff;\">Asumiendo los desaf\u00edos de \u00e9stos tiempos 2022<\/span><\/p>\n<p>[\/et_pb_text][et_pb_video src=\u00bbhttps:\/\/drive.google.com\/file\/d\/11VPnagiTgtIFepZ2Vwq6kDYSoB2UhOWM\/view\u00bb src_webm=\u00bbhttps:\/\/institutosantacruz.edu.ar\/wp-content\/uploads\/2021\/05\/Video-Secundaria-Santa-Cruz.mp4&#8243; _builder_version=\u00bb4.16&#8243; global_colors_info=\u00bb{}\u00bb][\/et_pb_video][\/et_pb_column][\/et_pb_row][\/et_pb_section][et_pb_section fb_built=\u00bb1&#8243; _builder_version=\u00bb4.16&#8243; background_color=\u00bb#1c6634&#8243; height=\u00bb213px\u00bb max_height=\u00bb222px\u00bb custom_margin=\u00bb-10px||||false|false\u00bb custom_padding=\u00bb21px|||||\u00bb top_divider_height=\u00bb109px\u00bb top_divider_repeat=\u00bb2x\u00bb top_divider_flip=\u00bbvertical\u00bb locked=\u00bboff\u00bb global_colors_info=\u00bb{}\u00bb][et_pb_row column_structure=\u00bb1_3,1_3,1_3&#8243; _builder_version=\u00bb4.16&#8243; min_height=\u00bb157px\u00bb custom_margin=\u00bb-20px||||false|false\u00bb global_colors_info=\u00bb{}\u00bb][et_pb_column type=\u00bb1_3&#8243; _builder_version=\u00bb4.16&#8243; global_colors_info=\u00bb{}\u00bb][et_pb_image src=\u00bbhttps:\/\/institutosantacruz.edu.ar\/wp-content\/uploads\/2019\/10\/logo_verde.png\u00bb align=\u00bbcenter\u00bb _builder_version=\u00bb4.16&#8243; global_colors_info=\u00bb{}\u00bb][\/et_pb_image][et_pb_code _builder_version=\u00bb4.16&#8243; text_orientation=\u00bbcenter\u00bb custom_margin=\u00bb-25px||||false|false\u00bb global_colors_info=\u00bb{}\u00bb]<pee style=\"text-align: center;\"><img decoding=\"async\" src=\"https:\/\/institutosantacruz.edu.ar\/wp-content\/uploads\/2019\/10\/tw-1.png\"><img decoding=\"async\" style=\"margin-left: 17px;\" src=\"https:\/\/institutosantacruz.edu.ar\/wp-content\/uploads\/2019\/10\/ig-1.png\"><img decoding=\"async\" style=\"margin-left: 17px;\" src=\"https:\/\/institutosantacruz.edu.ar\/wp-content\/uploads\/2019\/10\/fb-1.png\"><img decoding=\"async\" style=\"margin-left: 17px;\" src=\"https:\/\/institutosantacruz.edu.ar\/wp-content\/uploads\/2019\/10\/ws-1.png\"><\/pee>[\/et_pb_code][\/et_pb_column][et_pb_column type=\u00bb1_3&#8243; _builder_version=\u00bb4.16&#8243; global_colors_info=\u00bb{}\u00bb][et_pb_code _builder_version=\u00bb4.16&#8243; text_orientation=\u00bbcenter\u00bb global_colors_info=\u00bb{}\u00bb]<pee style=\"color:#fff;font-size:13px;text-align:center;font-weight: lighter;\"><!-- [et_pb_line_break_holder] -->  Colegio Santa Cruz | Todos los derechos reservados \u00ae<!-- [et_pb_line_break_holder] --><\/pee>[\/et_pb_code][\/et_pb_column][et_pb_column type=\u00bb1_3&#8243; _builder_version=\u00bb4.16&#8243; global_colors_info=\u00bb{}\u00bb][et_pb_code _builder_version=\u00bb4.16&#8243; text_orientation=\u00bbcenter\u00bb global_colors_info=\u00bb{}\u00bb]<pee style=\"color:#fff;font-size:13px;font-weight: lighter;line-height: 1.2;\"><!-- [et_pb_line_break_holder] -->Direcci\u00f3n:<!-- [et_pb_line_break_holder] --><!-- [et_pb_line_break_holder] -->24 de Noviembre 900 &#8211; C.A.B.A.<!-- [et_pb_line_break_holder] --><!-- [et_pb_line_break_holder] -->Bs.As. &#8211; Argentina<\/pee><!-- [et_pb_line_break_holder] --><!-- [et_pb_line_break_holder] --><!-- [et_pb_line_break_holder] --><!-- [et_pb_line_break_holder] --><!-- [et_pb_line_break_holder] --><!-- [et_pb_line_break_holder] --><!-- [et_pb_line_break_holder] --><pee style=\"color:#fff;font-size:13px;font-weight: lighter;line-height: 1.2;\"><!-- [et_pb_line_break_holder] -->Horario de atenci\u00f3n:<!-- [et_pb_line_break_holder] --><!-- [et_pb_line_break_holder] -->Lunes a Viernes de 8:00 a 15 hs.<\/pee><!-- [et_pb_line_break_holder] --><!-- [et_pb_line_break_holder] --><!-- [et_pb_line_break_holder] --><!-- [et_pb_line_break_holder] --><!-- [et_pb_line_break_holder] --><!-- [et_pb_line_break_holder] --><!-- [et_pb_line_break_holder] --><pee style=\"color:#fff;font-size:13px;font-weight: lighter;line-height: 1.2;\"><!-- [et_pb_line_break_holder] -->Tel\u00e9fono:<!-- [et_pb_line_break_holder] --><!-- [et_pb_line_break_holder] -->+54 11 7700 2210 <\/pee><!-- [et_pb_line_break_holder] --><!-- [et_pb_line_break_holder] --><!-- [et_pb_line_break_holder] --><!-- [et_pb_line_break_holder] --><!-- [et_pb_line_break_holder] --><!-- [et_pb_line_break_holder] --><!-- [et_pb_line_break_holder] -->[\/et_pb_code][\/et_pb_column][\/et_pb_row][\/et_pb_section]<\/p>\n","protected":false},"excerpt":{"rendered":"<p>VIDEOS INSTITUCIONALES INTER\u00c9S GENERAL Campa\u00f1a solidariaLa campa\u00f1a solidaria que hicimos en la comunidad del colegio nos permiti\u00f3 juntar alimentos, art\u00edculos de higiene y calzados que ser\u00e1n compartidos con las comunidades pasionistas de Metan (Salta) e Ingeniero Ju\u00e1rez (Formosa)EsperanzaEncuentro con la comunidad WICHIDesde el 8 al 12 de Mayo nos visitaron 6 estudiantes universitarios Wichi; fueron [&hellip;]<\/p>\n","protected":false},"author":4,"featured_media":0,"parent":0,"menu_order":0,"comment_status":"closed","ping_status":"closed","template":"","meta":{"_et_pb_use_builder":"on","_et_pb_old_content":"<!-- wp:paragraph -->\n<p>Inscripci\u00f3n al ciclo lectivo 2021<\/p>\n<!-- \/wp:paragraph -->","_et_gb_content_width":"","footnotes":""},"class_list":["post-2923","page","type-page","status-publish","hentry"],"_links":{"self":[{"href":"https:\/\/institutosantacruz.edu.ar\/index.php?rest_route=\/wp\/v2\/pages\/2923","targetHints":{"allow":["GET"]}}],"collection":[{"href":"https:\/\/institutosantacruz.edu.ar\/index.php?rest_route=\/wp\/v2\/pages"}],"about":[{"href":"https:\/\/institutosantacruz.edu.ar\/index.php?rest_route=\/wp\/v2\/types\/page"}],"author":[{"embeddable":true,"href":"https:\/\/institutosantacruz.edu.ar\/index.php?rest_route=\/wp\/v2\/users\/4"}],"replies":[{"embeddable":true,"href":"https:\/\/institutosantacruz.edu.ar\/index.php?rest_route=%2Fwp%2Fv2%2Fcomments&post=2923"}],"version-history":[{"count":6,"href":"https:\/\/institutosantacruz.edu.ar\/index.php?rest_route=\/wp\/v2\/pages\/2923\/revisions"}],"predecessor-version":[{"id":4697,"href":"https:\/\/institutosantacruz.edu.ar\/index.php?rest_route=\/wp\/v2\/pages\/2923\/revisions\/4697"}],"wp:attachment":[{"href":"https:\/\/institutosantacruz.edu.ar\/index.php?rest_route=%2Fwp%2Fv2%2Fmedia&parent=2923"}],"curies":[{"name":"wp","href":"https:\/\/api.w.org\/{rel}","templated":true}]}}