{"id":2692,"date":"2020-12-10T20:44:32","date_gmt":"2020-12-10T23:44:32","guid":{"rendered":"https:\/\/institutosantacruz.edu.ar\/?page_id=2692"},"modified":"2022-08-09T20:25:44","modified_gmt":"2022-08-09T23:25:44","slug":"noticias-medio","status":"publish","type":"page","link":"https:\/\/institutosantacruz.edu.ar\/?page_id=2692","title":{"rendered":"Noticias de Nivel Medio"},"content":{"rendered":"<p>[et_pb_section fb_built=\u00bb1&#8243; _builder_version=\u00bb4.16&#8243; background_color=\u00bb#c4e4ff\u00bb global_colors_info=\u00bb{}\u00bb][et_pb_row admin_label=\u00bbFila\u00bb _builder_version=\u00bb4.16&#8243; background_color=\u00bbrgba(0,0,0,0)\u00bb background_enable_image=\u00bboff\u00bb width=\u00bb100%\u00bb max_width=\u00bb100%\u00bb min_height=\u00bb206px\u00bb custom_margin=\u00bb-50px|auto|0px|auto|false|false\u00bb custom_padding=\u00bb||0px||false|false\u00bb locked=\u00bboff\u00bb global_colors_info=\u00bb{}\u00bb][et_pb_column type=\u00bb4_4&#8243; _builder_version=\u00bb4.16&#8243; background_color=\u00bb#1c6634&#8243; global_colors_info=\u00bb{}\u00bb][et_pb_slider _builder_version=\u00bb4.16&#8243; background_color=\u00bb#1b266b\u00bb width=\u00bb100%\u00bb max_width=\u00bb100%\u00bb content_max_width=\u00bb100%\u00bb min_height=\u00bb65px\u00bb custom_margin=\u00bb-24px||-1px||false|false\u00bb custom_padding=\u00bb4px||0px||false|false\u00bb global_colors_info=\u00bb{}\u00bb border_color_all=\u00bbrgba(0,0,0,0)\u00bb border_style_all=\u00bbnone\u00bb][et_pb_slide button_text_tablet=\u00bb\u00bb button_text_phone=\u00bb\u00bb button_text_last_edited=\u00bbon|tablet\u00bb content_tablet=\u00bb<\/p>\n<p style=%22text-align: center;%22><span style=%22color: #eb5740; font-size: medium;%22><span style=%22font-family: inherit;%22>             BIENVENIDOS A PARROQUIA SANTA CRUZ<\/span><\/span><\/p>\n<p style=%22text-align: center;%22><span style=%22font-size: xx-large;%22>          %22Vivimos en fraternidad,<\/span><br \/> <span style=%22font-size: xx-large;%22>                        somos dise\u00f1o en construcci\u00f3n,<br \/><\/span><span style=%22font-size: xx-large;%22>                 latidos de un gran coraz\u00f3n <\/span><span style=%22font-size: xx-large;%22><br \/>que se abre y ama%22<\/span><\/p>\n<p>\u00bb content_phone=\u00bb\u00bb content_last_edited=\u00bbon|tablet\u00bb _builder_version=\u00bb4.16&#8243; background_enable_color=\u00bbon\u00bb background_enable_image=\u00bboff\u00bb global_colors_info=\u00bb{}\u00bb sticky_transition=\u00bbon\u00bb]<\/p>\n<div style=\"margin-top: 8%; margin-left: 20%;\">\n<div>\n<h3 style=\"font-size: 15px; font-weight: normal; color: #ffffff; letter-spacing: 3px; text-align: left;\">NOTICIAS-FORMULARIOS Y DESCARGAS<\/h3>\n<\/div>\n<div>\n<h1 style=\"font-size: 45px; font-weight: normal; color: #ffffff; text-align: left;\">Nivel Secundario<\/h1>\n<\/div>\n<\/div>\n<p>[\/et_pb_slide][\/et_pb_slider][\/et_pb_column][\/et_pb_row][et_pb_row column_structure=\u00bb3_5,2_5&#8243; _builder_version=\u00bb4.16&#8243; custom_margin=\u00bb3px||||false|false\u00bb locked=\u00bboff\u00bb global_colors_info=\u00bb{}\u00bb][et_pb_column type=\u00bb3_5&#8243; _builder_version=\u00bb4.16&#8243; global_colors_info=\u00bb{}\u00bb][et_pb_text _builder_version=\u00bb4.16&#8243; background_color=\u00bb#007fe0&#8243; locked=\u00bboff\u00bb global_colors_info=\u00bb{}\u00bb]<\/p>\n<p style=\"text-align: center;\"><span style=\"color: #ffffff;\">Acceso a plataforma<\/span><\/p>\n<p>[\/et_pb_text][et_pb_text _builder_version=\u00bb4.16&#8243; global_colors_info=\u00bb{}\u00bb]<\/p>\n<p>Quer\u00edamos informarle que en breve tendr\u00e1n acceso a un sistema de actualizaci\u00f3n de datos Online, donde cada uno de ustedes podr\u00e1n ingresar y actualizar los datos de sus hijos cuando lo deseen. De esta forma damos un paso mas para lograr una mejor y mas fluida comunicaci\u00f3n.<\/p>\n<p>[\/et_pb_text][et_pb_image src=\u00bbhttps:\/\/institutosantacruz.edu.ar\/wp-content\/uploads\/2020\/12\/Logueo.jpg\u00bb _builder_version=\u00bb4.16&#8243; global_colors_info=\u00bb{}\u00bb][\/et_pb_image][et_pb_text _builder_version=\u00bb4.16&#8243; global_colors_info=\u00bb{}\u00bb]<\/p>\n<p>El ingreso requiere de su DNI y una clave que le proporcionaremos. Luego de ingresar podr\u00e1n acceder a los datos de sus hijos y otra informaci\u00f3n de uso privado entre la instituci\u00f3n y cada uno de ustedes<\/p>\n<p>[\/et_pb_text][\/et_pb_column][et_pb_column type=\u00bb2_5&#8243; _builder_version=\u00bb4.16&#8243; global_colors_info=\u00bb{}\u00bb][et_pb_text _builder_version=\u00bb4.16&#8243; background_color=\u00bb#007fe0&#8243; custom_padding=\u00bb0px||0px|||\u00bb link_option_url=\u00bbhttps:\/\/institutosantacruz.edu.ar\/wp-content\/uploads\/2022\/04\/Nota-inscripciones-2023-Inicial.pdf\u00bb link_option_url_new_window=\u00bbon\u00bb locked=\u00bboff\u00bb global_colors_info=\u00bb{}\u00bb]<\/p>\n<p style=\"text-align: center;\"><span style=\"color: #ffffff;\">Descargas Generales<\/span><\/p>\n<p>[\/et_pb_text][et_pb_button button_url=\u00bbhttps:\/\/institutosantacruz.edu.ar\/wp-content\/uploads\/2022\/03\/Ficha-de-Salud-1er.-a\u00f1o.pdf\u00bb url_new_window=\u00bbon\u00bb button_text=\u00bbDESCARGA DE FORMULARIO DE SALUD 1er A\u00d1O\u00bb button_alignment=\u00bbcenter\u00bb _builder_version=\u00bb4.16&#8243; custom_button=\u00bbon\u00bb button_text_size=\u00bb10px\u00bb button_text_color=\u00bb#ffffff\u00bb button_bg_color=\u00bb#018e01&#8243; button_border_width=\u00bb0px\u00bb button_border_color=\u00bbrgba(0,0,0,0)\u00bb button_border_radius=\u00bb1px\u00bb button_letter_spacing=\u00bb2px\u00bb button_font=\u00bb|300|||||||\u00bb button_icon=\u00bb&#x45;||divi||400&#8243; button_icon_color=\u00bb#ffffff\u00bb background_layout=\u00bbdark\u00bb custom_padding=\u00bb10px|40px|10px|40px|false|false\u00bb locked=\u00bboff\u00bb global_colors_info=\u00bb{}\u00bb][\/et_pb_button][et_pb_button button_url=\u00bbhttps:\/\/institutosantacruz.edu.ar\/wp-content\/uploads\/2022\/03\/Ficha-de-Salud-2\u00ba-a-5\u00ba.pdf\u00bb url_new_window=\u00bbon\u00bb button_text=\u00bbFORMULARIO DE SALUD 2do A 5to A\u00d1O\u00bb button_alignment=\u00bbcenter\u00bb _builder_version=\u00bb4.16&#8243; custom_button=\u00bbon\u00bb button_text_size=\u00bb10px\u00bb button_text_color=\u00bb#ffffff\u00bb button_bg_color=\u00bb#018e01&#8243; button_border_width=\u00bb0px\u00bb button_border_color=\u00bbrgba(0,0,0,0)\u00bb button_border_radius=\u00bb1px\u00bb button_letter_spacing=\u00bb2px\u00bb button_font=\u00bb|300|||||||\u00bb button_icon=\u00bb&#x45;||divi||400&#8243; button_icon_color=\u00bb#ffffff\u00bb background_layout=\u00bbdark\u00bb custom_padding=\u00bb10px|40px|10px|40px|false|false\u00bb locked=\u00bboff\u00bb global_colors_info=\u00bb{}\u00bb][\/et_pb_button][et_pb_button button_url=\u00bbhttps:\/\/institutosantacruz.edu.ar\/wp-content\/uploads\/2020\/12\/Certificado-de-Aptitud-F\u00edsica.pdf\u00bb url_new_window=\u00bbon\u00bb button_text=\u00bbCERTIFICADO DE SALUD PARA SER FIRMADO POR EL M\u00c9DICO-TODOS LOS ALUMNOS\u00bb button_alignment=\u00bbcenter\u00bb _builder_version=\u00bb4.16&#8243; custom_button=\u00bbon\u00bb button_text_size=\u00bb10px\u00bb button_text_color=\u00bb#ffffff\u00bb button_bg_color=\u00bb#018e01&#8243; button_border_width=\u00bb0px\u00bb button_border_color=\u00bbrgba(0,0,0,0)\u00bb button_border_radius=\u00bb1px\u00bb button_letter_spacing=\u00bb2px\u00bb button_font=\u00bb|300|||||||\u00bb button_icon=\u00bb&#x45;||divi||400&#8243; button_icon_color=\u00bb#ffffff\u00bb background_layout=\u00bbdark\u00bb custom_padding=\u00bb10px|40px|10px|40px|false|false\u00bb locked=\u00bboff\u00bb global_colors_info=\u00bb{}\u00bb][\/et_pb_button][\/et_pb_column][\/et_pb_row][et_pb_row column_structure=\u00bb1_2,1_2&#8243; _builder_version=\u00bb4.16&#8243; global_colors_info=\u00bb{}\u00bb][et_pb_column type=\u00bb1_2&#8243; _builder_version=\u00bb4.16&#8243; global_colors_info=\u00bb{}\u00bb][et_pb_video src=\u00bbhttps:\/\/institutosantacruz.edu.ar\/wp-content\/uploads\/2021\/09\/Video01.mp4&#8243; _builder_version=\u00bb4.16&#8243; global_colors_info=\u00bb{}\u00bb][\/et_pb_video][\/et_pb_column][et_pb_column type=\u00bb1_2&#8243; _builder_version=\u00bb4.16&#8243; global_colors_info=\u00bb{}\u00bb][et_pb_text _builder_version=\u00bb4.16&#8243; global_colors_info=\u00bb{}\u00bb]<\/p>\n<p><strong>Los alumnos de cuarto imform\u00e1tica trabajaron realizando los analisis de un test de alcoholemia, como m\u00e9todo para determinar la graduaci\u00f3n alcoholica de bebidas inc\u00f3gnitas. Adem\u00e1s preparamos la soluci\u00f3n reactiva, con conocimientos aprendidos en clase y en un pr\u00e1ctico de laboratorio anterior.\u00a0<\/strong><\/p>\n<p>[\/et_pb_text][\/et_pb_column][\/et_pb_row][et_pb_row column_structure=\u00bb1_2,1_2&#8243; _builder_version=\u00bb4.16&#8243; global_colors_info=\u00bb{}\u00bb][et_pb_column type=\u00bb1_2&#8243; _builder_version=\u00bb4.16&#8243; global_colors_info=\u00bb{}\u00bb][et_pb_video src=\u00bbhttps:\/\/institutosantacruz.edu.ar\/wp-content\/uploads\/2021\/09\/Video02.mp4&#8243; _builder_version=\u00bb4.16&#8243; global_colors_info=\u00bb{}\u00bb][\/et_pb_video][\/et_pb_column][et_pb_column type=\u00bb1_2&#8243; _builder_version=\u00bb4.16&#8243; global_colors_info=\u00bb{}\u00bb][et_pb_text _builder_version=\u00bb4.16&#8243; global_colors_info=\u00bb{}\u00bb]<\/p>\n<p><strong><span>Los alumnos de 3ro inform\u00e1tica trabajaron en el laboratorio de ciencias con las propiedades coligativas, verificando si al agregar un soluto no vol\u00e1til (sal de mesa &#8211; NaCl) en un solvente puro (agua) el punto de ebullici\u00f3n (temperatura de hervor) de la mezcla aumenta.<\/span><br \/><span>Destacamos el trabajo en equipo de los chicos as\u00ed como el ir adquiriendo habilidades pr\u00e1cticas en la materia y sobre seguridad en el manejo de los materiales del laboratorio. Con los datos que obtuvieron deber\u00e1n presentar un trabajo pr\u00e1ctico.<\/span><\/strong><\/p>\n<p>[\/et_pb_text][\/et_pb_column][\/et_pb_row][et_pb_row column_structure=\u00bb1_2,1_2&#8243; _builder_version=\u00bb4.16&#8243; global_colors_info=\u00bb{}\u00bb][et_pb_column type=\u00bb1_2&#8243; _builder_version=\u00bb4.16&#8243; global_colors_info=\u00bb{}\u00bb][et_pb_video src=\u00bbhttps:\/\/institutosantacruz.edu.ar\/wp-content\/uploads\/2021\/09\/Video03.mp4&#8243; _builder_version=\u00bb4.16&#8243; global_colors_info=\u00bb{}\u00bb][\/et_pb_video][\/et_pb_column][et_pb_column type=\u00bb1_2&#8243; _builder_version=\u00bb4.16&#8243; global_colors_info=\u00bb{}\u00bb][et_pb_text _builder_version=\u00bb4.16&#8243; custom_padding=\u00bb||0px|||\u00bb global_colors_info=\u00bb{}\u00bb]<\/p>\n<p><strong><span>Los alumnos de 3 a\u00f1o, trabajaron en el Laboratorio de Ciencias para comprobar y observar c\u00f3mo act\u00faan las enzimas en diferentes medios. A partir de eso, pudimos explicar algunas cosas de la vida cotidiana como por ejemplo: por qu\u00e9 usamos agua oxigenada para desinfectar heridas.\u00a0<\/span> <\/strong><\/p>\n<p>[\/et_pb_text][\/et_pb_column][\/et_pb_row][\/et_pb_section][et_pb_section fb_built=\u00bb1&#8243; _builder_version=\u00bb4.16&#8243; background_color=\u00bb#1c6634&#8243; height=\u00bb213px\u00bb max_height=\u00bb222px\u00bb custom_margin=\u00bb-10px||||false|false\u00bb custom_padding=\u00bb21px|||||\u00bb top_divider_height=\u00bb109px\u00bb top_divider_repeat=\u00bb2x\u00bb top_divider_flip=\u00bbvertical\u00bb locked=\u00bboff\u00bb global_colors_info=\u00bb{}\u00bb][et_pb_row column_structure=\u00bb1_3,1_3,1_3&#8243; _builder_version=\u00bb4.16&#8243; min_height=\u00bb157px\u00bb custom_margin=\u00bb-20px||||false|false\u00bb global_colors_info=\u00bb{}\u00bb][et_pb_column type=\u00bb1_3&#8243; _builder_version=\u00bb4.16&#8243; global_colors_info=\u00bb{}\u00bb][et_pb_image src=\u00bbhttps:\/\/institutosantacruz.edu.ar\/wp-content\/uploads\/2019\/10\/logo_verde.png\u00bb align=\u00bbcenter\u00bb _builder_version=\u00bb4.16&#8243; global_colors_info=\u00bb{}\u00bb][\/et_pb_image][et_pb_code _builder_version=\u00bb4.16&#8243; text_orientation=\u00bbcenter\u00bb custom_margin=\u00bb-25px||||false|false\u00bb global_colors_info=\u00bb{}\u00bb]<pee style=\"text-align: center;\"><img decoding=\"async\" src=\"https:\/\/institutosantacruz.edu.ar\/wp-content\/uploads\/2019\/10\/tw-1.png\"><img decoding=\"async\" style=\"margin-left: 17px;\" src=\"https:\/\/institutosantacruz.edu.ar\/wp-content\/uploads\/2019\/10\/ig-1.png\"><img decoding=\"async\" style=\"margin-left: 17px;\" src=\"https:\/\/institutosantacruz.edu.ar\/wp-content\/uploads\/2019\/10\/fb-1.png\"><img decoding=\"async\" style=\"margin-left: 17px;\" src=\"https:\/\/institutosantacruz.edu.ar\/wp-content\/uploads\/2019\/10\/ws-1.png\"><\/pee>[\/et_pb_code][\/et_pb_column][et_pb_column type=\u00bb1_3&#8243; _builder_version=\u00bb4.16&#8243; global_colors_info=\u00bb{}\u00bb][et_pb_code _builder_version=\u00bb4.16&#8243; text_orientation=\u00bbcenter\u00bb global_colors_info=\u00bb{}\u00bb]<pee style=\"color:#fff;font-size:13px;text-align:center;font-weight: lighter;\"><!-- [et_pb_line_break_holder] -->  Colegio Santa Cruz | Todos los derechos reservados \u00ae<!-- [et_pb_line_break_holder] --><\/pee>[\/et_pb_code][\/et_pb_column][et_pb_column type=\u00bb1_3&#8243; _builder_version=\u00bb4.16&#8243; global_colors_info=\u00bb{}\u00bb][et_pb_code _builder_version=\u00bb4.16&#8243; text_orientation=\u00bbcenter\u00bb global_colors_info=\u00bb{}\u00bb]<pee style=\"color:#fff;font-size:13px;font-weight: lighter;line-height: 1.2;\"><!-- [et_pb_line_break_holder] -->Direcci\u00f3n:<!-- [et_pb_line_break_holder] --><!-- [et_pb_line_break_holder] -->24 de Noviembre 900 &#8211; C.A.B.A.<!-- [et_pb_line_break_holder] --><!-- [et_pb_line_break_holder] -->Bs.As. &#8211; Argentina<\/pee><!-- [et_pb_line_break_holder] --><!-- [et_pb_line_break_holder] --><!-- [et_pb_line_break_holder] --><!-- [et_pb_line_break_holder] --><!-- [et_pb_line_break_holder] --><!-- [et_pb_line_break_holder] --><!-- [et_pb_line_break_holder] --><pee style=\"color:#fff;font-size:13px;font-weight: lighter;line-height: 1.2;\"><!-- [et_pb_line_break_holder] -->Horario de atenci\u00f3n:<!-- [et_pb_line_break_holder] --><!-- [et_pb_line_break_holder] -->Lunes a Viernes de 8:00 a 15 hs.<\/pee><!-- [et_pb_line_break_holder] --><!-- [et_pb_line_break_holder] --><!-- [et_pb_line_break_holder] --><!-- [et_pb_line_break_holder] --><!-- [et_pb_line_break_holder] --><!-- [et_pb_line_break_holder] --><!-- [et_pb_line_break_holder] --><pee style=\"color:#fff;font-size:13px;font-weight: lighter;line-height: 1.2;\"><!-- [et_pb_line_break_holder] -->Tel\u00e9fono:<!-- [et_pb_line_break_holder] --><!-- [et_pb_line_break_holder] -->+54 11 7700 2210 <\/pee><!-- [et_pb_line_break_holder] --><!-- [et_pb_line_break_holder] --><!-- [et_pb_line_break_holder] --><!-- [et_pb_line_break_holder] --><!-- [et_pb_line_break_holder] --><!-- [et_pb_line_break_holder] --><!-- [et_pb_line_break_holder] -->[\/et_pb_code][\/et_pb_column][\/et_pb_row][\/et_pb_section]<\/p>\n","protected":false},"excerpt":{"rendered":"<p>NOTICIAS-FORMULARIOS Y DESCARGAS Nivel Secundario Acceso a plataformaQuer\u00edamos informarle que en breve tendr\u00e1n acceso a un sistema de actualizaci\u00f3n de datos Online, donde cada uno de ustedes podr\u00e1n ingresar y actualizar los datos de sus hijos cuando lo deseen. De esta forma damos un paso mas para lograr una mejor y mas fluida comunicaci\u00f3n.El ingreso [&hellip;]<\/p>\n","protected":false},"author":4,"featured_media":0,"parent":0,"menu_order":0,"comment_status":"closed","ping_status":"closed","template":"","meta":{"_et_pb_use_builder":"on","_et_pb_old_content":"<!-- wp:paragraph -->\n<p>Inscripci\u00f3n al ciclo lectivo 2021<\/p>\n<!-- \/wp:paragraph -->","_et_gb_content_width":"","footnotes":""},"class_list":["post-2692","page","type-page","status-publish","hentry"],"_links":{"self":[{"href":"https:\/\/institutosantacruz.edu.ar\/index.php?rest_route=\/wp\/v2\/pages\/2692","targetHints":{"allow":["GET"]}}],"collection":[{"href":"https:\/\/institutosantacruz.edu.ar\/index.php?rest_route=\/wp\/v2\/pages"}],"about":[{"href":"https:\/\/institutosantacruz.edu.ar\/index.php?rest_route=\/wp\/v2\/types\/page"}],"author":[{"embeddable":true,"href":"https:\/\/institutosantacruz.edu.ar\/index.php?rest_route=\/wp\/v2\/users\/4"}],"replies":[{"embeddable":true,"href":"https:\/\/institutosantacruz.edu.ar\/index.php?rest_route=%2Fwp%2Fv2%2Fcomments&post=2692"}],"version-history":[{"count":21,"href":"https:\/\/institutosantacruz.edu.ar\/index.php?rest_route=\/wp\/v2\/pages\/2692\/revisions"}],"predecessor-version":[{"id":3492,"href":"https:\/\/institutosantacruz.edu.ar\/index.php?rest_route=\/wp\/v2\/pages\/2692\/revisions\/3492"}],"wp:attachment":[{"href":"https:\/\/institutosantacruz.edu.ar\/index.php?rest_route=%2Fwp%2Fv2%2Fmedia&parent=2692"}],"curies":[{"name":"wp","href":"https:\/\/api.w.org\/{rel}","templated":true}]}}