{"id":2690,"date":"2020-12-10T20:44:18","date_gmt":"2020-12-10T23:44:18","guid":{"rendered":"https:\/\/institutosantacruz.edu.ar\/?page_id=2690"},"modified":"2025-12-18T09:01:34","modified_gmt":"2025-12-18T12:01:34","slug":"noticias-primario","status":"publish","type":"page","link":"https:\/\/institutosantacruz.edu.ar\/?page_id=2690","title":{"rendered":"Noticias de Nivel Primario"},"content":{"rendered":"<p>[et_pb_section fb_built=\u00bb1&#8243; _builder_version=\u00bb4.16&#8243; background_color=\u00bb#c4e4ff\u00bb global_colors_info=\u00bb{}\u00bb][et_pb_row admin_label=\u00bbFila\u00bb _builder_version=\u00bb4.16&#8243; background_color=\u00bbrgba(0,0,0,0)\u00bb background_enable_image=\u00bboff\u00bb width=\u00bb100%\u00bb max_width=\u00bb100%\u00bb min_height=\u00bb206px\u00bb custom_margin=\u00bb-50px|auto|0px|auto|false|false\u00bb custom_padding=\u00bb||0px||false|false\u00bb locked=\u00bboff\u00bb global_colors_info=\u00bb{}\u00bb][et_pb_column type=\u00bb4_4&#8243; _builder_version=\u00bb4.16&#8243; background_color=\u00bb#1c6634&#8243; global_colors_info=\u00bb{}\u00bb][et_pb_slider _builder_version=\u00bb4.16&#8243; background_color=\u00bb#1b266b\u00bb width=\u00bb100%\u00bb max_width=\u00bb100%\u00bb content_max_width=\u00bb100%\u00bb min_height=\u00bb65px\u00bb custom_margin=\u00bb-24px||-1px||false|false\u00bb custom_padding=\u00bb4px||0px||false|false\u00bb global_colors_info=\u00bb{}\u00bb][et_pb_slide button_text_tablet=\u00bb\u00bb button_text_phone=\u00bb\u00bb button_text_last_edited=\u00bbon|tablet\u00bb content_tablet=\u00bb<\/p>\n<p style=%22text-align: center;%22><span style=%22color: #eb5740; font-size: medium;%22><span style=%22font-family: inherit;%22>             BIENVENIDOS A PARROQUIA SANTA CRUZ<\/span><\/span><\/p>\n<p style=%22text-align: center;%22><span style=%22font-size: xx-large;%22>          %22Vivimos en fraternidad,<\/span><br \/> <span style=%22font-size: xx-large;%22>                        somos dise\u00f1o en construcci\u00f3n,<br \/><\/span><span style=%22font-size: xx-large;%22>                 latidos de un gran coraz\u00f3n <\/span><span style=%22font-size: xx-large;%22><br \/>que se abre y ama%22<\/span><\/p>\n<p>\u00bb content_phone=\u00bb\u00bb content_last_edited=\u00bbon|tablet\u00bb _builder_version=\u00bb4.16&#8243; background_enable_color=\u00bbon\u00bb background_enable_image=\u00bboff\u00bb global_colors_info=\u00bb{}\u00bb sticky_transition=\u00bbon\u00bb]<\/p>\n<div style=\"margin-top: 8%; margin-left: 20%;\">\n<div>\n<h3 style=\"font-size: 15px; font-weight: normal; color: #ffffff; letter-spacing: 3px; text-align: left;\">NOTICIAS-FORMULARIOS Y DESCARGAS<\/h3>\n<\/div>\n<div>\n<h1 style=\"font-size: 45px; font-weight: normal; color: #ffffff; text-align: left;\">Nivel Primario<\/h1>\n<\/div>\n<\/div>\n<p>[\/et_pb_slide][\/et_pb_slider][\/et_pb_column][\/et_pb_row][et_pb_row column_structure=\u00bb3_5,2_5&#8243; _builder_version=\u00bb4.16&#8243; custom_margin=\u00bb3px|220px||auto|false|false\u00bb global_colors_info=\u00bb{}\u00bb][et_pb_column type=\u00bb3_5&#8243; _builder_version=\u00bb4.16&#8243; global_colors_info=\u00bb{}\u00bb][et_pb_text _builder_version=\u00bb4.16&#8243; background_color=\u00bb#007fe0&#8243; custom_padding=\u00bb2px|||||\u00bb global_colors_info=\u00bb{}\u00bb]<\/p>\n<p style=\"text-align: center;\"><span style=\"color: #ffffff;\">Acceso a plataforma<\/span><\/p>\n<p>[\/et_pb_text][et_pb_text _builder_version=\u00bb4.16&#8243; global_colors_info=\u00bb{}\u00bb]<\/p>\n<p>Quer\u00edamos informarle que en breve tendr\u00e1n acceso a un sistema de actualizaci\u00f3n de datos Online, donde cada uno de ustedes podr\u00e1n ingresar y actualizar los datos de sus hijos cuando lo deseen. De esta forma damos un paso mas para lograr una mejor y mas fluida comunicaci\u00f3n.<\/p>\n<p>[\/et_pb_text][et_pb_image src=\u00bbhttps:\/\/institutosantacruz.edu.ar\/wp-content\/uploads\/2020\/12\/Logueo.jpg\u00bb _builder_version=\u00bb4.16&#8243; global_colors_info=\u00bb{}\u00bb][\/et_pb_image][et_pb_text _builder_version=\u00bb4.16&#8243; global_colors_info=\u00bb{}\u00bb]<\/p>\n<p>El ingreso requiere de su DNI y una clave que le proporcionaremos. Luego de ingresar podr\u00e1n acceder a los datos de sus hijos y otra informaci\u00f3n de uso privado entre la instituci\u00f3n y cada uno de ustedes<\/p>\n<p>[\/et_pb_text][\/et_pb_column][et_pb_column type=\u00bb2_5&#8243; _builder_version=\u00bb4.16&#8243; global_colors_info=\u00bb{}\u00bb][et_pb_text _builder_version=\u00bb4.16&#8243; background_color=\u00bb#007fe0&#8243; custom_padding=\u00bb2px|||||\u00bb global_colors_info=\u00bb{}\u00bb]<\/p>\n<p style=\"text-align: center;\"><span style=\"color: #ffffff;\">Descargas Generales<\/span><\/p>\n<p>[\/et_pb_text][et_pb_button button_url=\u00bbhttps:\/\/institutosantacruz.edu.ar\/wp-content\/uploads\/2022\/02\/Primera-circular-informativa-2022-1\u00ba-grado.pdf\u00bb url_new_window=\u00bbon\u00bb button_text=\u00bbCIRCULAR INFORMATIVA 2022 &#8211; 1er GRADO\u00bb button_alignment=\u00bbcenter\u00bb disabled_on=\u00bbon|on|on\u00bb _builder_version=\u00bb4.18.0&#8243; custom_button=\u00bbon\u00bb button_text_size=\u00bb10px\u00bb button_text_color=\u00bb#ffffff\u00bb button_bg_color=\u00bb#018e01&#8243; button_border_width=\u00bb0px\u00bb button_border_color=\u00bbrgba(0,0,0,0)\u00bb button_border_radius=\u00bb1px\u00bb button_letter_spacing=\u00bb2px\u00bb button_font=\u00bb|300|||||||\u00bb button_icon=\u00bb&#x45;||divi||400&#8243; button_icon_color=\u00bb#ffffff\u00bb background_layout=\u00bbdark\u00bb custom_padding=\u00bb10px|40px|10px|40px|false|false\u00bb disabled=\u00bbon\u00bb global_colors_info=\u00bb{}\u00bb][\/et_pb_button][et_pb_button button_url=\u00bbhttps:\/\/institutosantacruz.edu.ar\/wp-content\/uploads\/2022\/02\/Primera-circular-informativa-2022-2\u00ba-grado.pdf\u00bb url_new_window=\u00bbon\u00bb button_text=\u00bbCIRCULAR INFORMATIVA 2022 &#8211; 2do GRADO\u00bb button_alignment=\u00bbcenter\u00bb disabled_on=\u00bbon|on|on\u00bb _builder_version=\u00bb4.18.0&#8243; custom_button=\u00bbon\u00bb button_text_size=\u00bb10px\u00bb button_text_color=\u00bb#ffffff\u00bb button_bg_color=\u00bb#018e01&#8243; button_border_width=\u00bb0px\u00bb button_border_color=\u00bbrgba(0,0,0,0)\u00bb button_border_radius=\u00bb1px\u00bb button_letter_spacing=\u00bb2px\u00bb button_font=\u00bb|300|||||||\u00bb button_icon=\u00bb&#x45;||divi||400&#8243; button_icon_color=\u00bb#ffffff\u00bb background_layout=\u00bbdark\u00bb custom_padding=\u00bb10px|40px|10px|40px|false|false\u00bb disabled=\u00bbon\u00bb global_colors_info=\u00bb{}\u00bb][\/et_pb_button][et_pb_button button_url=\u00bbhttps:\/\/institutosantacruz.edu.ar\/wp-content\/uploads\/2022\/02\/Primera-circular-informativa-2022-3\u00ba-grado.pdf\u00bb url_new_window=\u00bbon\u00bb button_text=\u00bbCIRCULAR INFORMATIVA 2022 &#8211; 3er GRADO\u00bb button_alignment=\u00bbcenter\u00bb disabled_on=\u00bbon|on|on\u00bb _builder_version=\u00bb4.18.0&#8243; custom_button=\u00bbon\u00bb button_text_size=\u00bb10px\u00bb button_text_color=\u00bb#ffffff\u00bb button_bg_color=\u00bb#018e01&#8243; button_border_width=\u00bb0px\u00bb button_border_color=\u00bbrgba(0,0,0,0)\u00bb button_border_radius=\u00bb1px\u00bb button_letter_spacing=\u00bb2px\u00bb button_font=\u00bb|300|||||||\u00bb button_icon=\u00bb&#x45;||divi||400&#8243; button_icon_color=\u00bb#ffffff\u00bb background_layout=\u00bbdark\u00bb custom_padding=\u00bb10px|40px|10px|40px|false|false\u00bb disabled=\u00bbon\u00bb global_colors_info=\u00bb{}\u00bb][\/et_pb_button][et_pb_button button_url=\u00bbhttps:\/\/institutosantacruz.edu.ar\/wp-content\/uploads\/2022\/02\/Primera-circular-informativa-2022-4\u00ba-grado.pdf\u00bb url_new_window=\u00bbon\u00bb button_text=\u00bbCIRCULAR INFORMATIVA 2022 &#8211; 4to GRADO\u00bb button_alignment=\u00bbcenter\u00bb disabled_on=\u00bbon|on|on\u00bb _builder_version=\u00bb4.18.0&#8243; custom_button=\u00bbon\u00bb button_text_size=\u00bb10px\u00bb button_text_color=\u00bb#ffffff\u00bb button_bg_color=\u00bb#018e01&#8243; button_border_width=\u00bb0px\u00bb button_border_color=\u00bbrgba(0,0,0,0)\u00bb button_border_radius=\u00bb1px\u00bb button_letter_spacing=\u00bb2px\u00bb button_font=\u00bb|300|||||||\u00bb button_icon=\u00bb&#x45;||divi||400&#8243; button_icon_color=\u00bb#ffffff\u00bb background_layout=\u00bbdark\u00bb custom_padding=\u00bb10px|40px|10px|40px|false|false\u00bb disabled=\u00bbon\u00bb global_colors_info=\u00bb{}\u00bb][\/et_pb_button][et_pb_button button_url=\u00bbhttps:\/\/institutosantacruz.edu.ar\/wp-content\/uploads\/2022\/02\/Primera-circular-informativa-2022-5\u00ba-grado.pdf\u00bb url_new_window=\u00bbon\u00bb button_text=\u00bbCIRCULAR INFORMATIVA 2022 &#8211; 5to GRADO\u00bb button_alignment=\u00bbcenter\u00bb disabled_on=\u00bbon|on|on\u00bb _builder_version=\u00bb4.18.0&#8243; custom_button=\u00bbon\u00bb button_text_size=\u00bb10px\u00bb button_text_color=\u00bb#ffffff\u00bb button_bg_color=\u00bb#018e01&#8243; button_border_width=\u00bb0px\u00bb button_border_color=\u00bbrgba(0,0,0,0)\u00bb button_border_radius=\u00bb1px\u00bb button_letter_spacing=\u00bb2px\u00bb button_font=\u00bb|300|||||||\u00bb button_icon=\u00bb&#x45;||divi||400&#8243; button_icon_color=\u00bb#ffffff\u00bb background_layout=\u00bbdark\u00bb custom_padding=\u00bb10px|40px|10px|40px|false|false\u00bb disabled=\u00bbon\u00bb global_colors_info=\u00bb{}\u00bb][\/et_pb_button][et_pb_button button_url=\u00bbhttps:\/\/institutosantacruz.edu.ar\/wp-content\/uploads\/2022\/02\/Primera-circular-informativa-2022-6\u00ba-grado.pdf\u00bb url_new_window=\u00bbon\u00bb button_text=\u00bbCIRCULAR INFORMATIVA 2022 &#8211; 6to GRADO\u00bb button_alignment=\u00bbcenter\u00bb disabled_on=\u00bbon|on|on\u00bb _builder_version=\u00bb4.18.0&#8243; custom_button=\u00bbon\u00bb button_text_size=\u00bb10px\u00bb button_text_color=\u00bb#ffffff\u00bb button_bg_color=\u00bb#018e01&#8243; button_border_width=\u00bb0px\u00bb button_border_color=\u00bbrgba(0,0,0,0)\u00bb button_border_radius=\u00bb1px\u00bb button_letter_spacing=\u00bb2px\u00bb button_font=\u00bb|300|||||||\u00bb button_icon=\u00bb&#x45;||divi||400&#8243; button_icon_color=\u00bb#ffffff\u00bb background_layout=\u00bbdark\u00bb custom_padding=\u00bb10px|40px|10px|40px|false|false\u00bb disabled=\u00bbon\u00bb global_colors_info=\u00bb{}\u00bb][\/et_pb_button][et_pb_button button_url=\u00bbhttps:\/\/institutosantacruz.edu.ar\/wp-content\/uploads\/2022\/02\/Primera-circular-informativa-2022-7\u00ba-grado.pdf\u00bb url_new_window=\u00bbon\u00bb button_text=\u00bbCIRCULAR INFORMATIVA 2022 &#8211; 7mo GRADO\u00bb button_alignment=\u00bbcenter\u00bb disabled_on=\u00bbon|on|on\u00bb _builder_version=\u00bb4.18.0&#8243; custom_button=\u00bbon\u00bb button_text_size=\u00bb10px\u00bb button_text_color=\u00bb#ffffff\u00bb button_bg_color=\u00bb#018e01&#8243; button_border_width=\u00bb0px\u00bb button_border_color=\u00bbrgba(0,0,0,0)\u00bb button_border_radius=\u00bb1px\u00bb button_letter_spacing=\u00bb2px\u00bb button_font=\u00bb|300|||||||\u00bb button_icon=\u00bb&#x45;||divi||400&#8243; button_icon_color=\u00bb#ffffff\u00bb background_layout=\u00bbdark\u00bb custom_padding=\u00bb10px|40px|10px|40px|false|false\u00bb disabled=\u00bbon\u00bb global_colors_info=\u00bb{}\u00bb][\/et_pb_button][et_pb_button button_url=\u00bbhttps:\/\/institutosantacruz.edu.ar\/wp-content\/uploads\/2024\/12\/Ficha-de-autorizacion-de-retiro-2025.pdf\u00bb url_new_window=\u00bbon\u00bb button_text=\u00bbFICHA DE AUTORIZACI\u00d3N DE RETIRO\u00bb button_alignment=\u00bbcenter\u00bb module_class=\u00bbaccessbutton\u00bb _builder_version=\u00bb4.27.5&#8243; custom_button=\u00bbon\u00bb button_text_size=\u00bb10px\u00bb button_text_color=\u00bb#ffffff\u00bb button_bg_color=\u00bb#018e01&#8243; button_border_width=\u00bb0px\u00bb button_border_color=\u00bbrgba(0,0,0,0)\u00bb button_border_radius=\u00bb1px\u00bb button_letter_spacing=\u00bb2px\u00bb button_font=\u00bb|300|||||||\u00bb button_icon=\u00bb&#x45;||divi||400&#8243; button_icon_color=\u00bb#ffffff\u00bb background_layout=\u00bbdark\u00bb custom_padding=\u00bb10px|40px|10px|40px|false|false\u00bb global_colors_info=\u00bb{}\u00bb][\/et_pb_button][et_pb_button button_url=\u00bbhttps:\/\/institutosantacruz.edu.ar\/wp-content\/uploads\/2025\/12\/Materiales-para-alumnos-2026.pdf\u00bb url_new_window=\u00bbon\u00bb button_text=\u00bbLISTADO DE MATERIALES PARA CICLO 2026&#8243; button_alignment=\u00bbcenter\u00bb module_class=\u00bbaccessbutton\u00bb _builder_version=\u00bb4.27.5&#8243; custom_button=\u00bbon\u00bb button_text_size=\u00bb10px\u00bb button_text_color=\u00bb#ffffff\u00bb button_bg_color=\u00bb#018e01&#8243; button_border_width=\u00bb0px\u00bb button_border_color=\u00bbrgba(0,0,0,0)\u00bb button_border_radius=\u00bb1px\u00bb button_letter_spacing=\u00bb2px\u00bb button_font=\u00bb|300|||||||\u00bb button_icon=\u00bb&#x45;||divi||400&#8243; button_icon_color=\u00bb#ffffff\u00bb background_layout=\u00bbdark\u00bb custom_padding=\u00bb10px|40px|10px|40px|false|false\u00bb global_colors_info=\u00bb{}\u00bb][\/et_pb_button][et_pb_button button_url=\u00bbhttps:\/\/institutosantacruz.edu.ar\/wp-content\/uploads\/2025\/12\/LISTADO-DE-LIBROS-2026-SECRETARIA.pdf\u00bb url_new_window=\u00bbon\u00bb button_text=\u00bbLIBROS DE INGL\u00c9S PARA EL CICLO 2026&#8243; button_alignment=\u00bbcenter\u00bb disabled_on=\u00bboff|off|off\u00bb module_class=\u00bbaccessbutton\u00bb _builder_version=\u00bb4.27.5&#8243; custom_button=\u00bbon\u00bb button_text_size=\u00bb10px\u00bb button_text_color=\u00bb#ffffff\u00bb button_bg_color=\u00bb#018e01&#8243; button_border_width=\u00bb0px\u00bb button_border_color=\u00bbrgba(0,0,0,0)\u00bb button_border_radius=\u00bb1px\u00bb button_letter_spacing=\u00bb2px\u00bb button_font=\u00bb|300|||||||\u00bb button_icon=\u00bb&#x45;||divi||400&#8243; button_icon_color=\u00bb#ffffff\u00bb background_layout=\u00bbdark\u00bb custom_padding=\u00bb10px|40px|10px|40px|false|false\u00bb hover_enabled=\u00bb0&#8243; global_colors_info=\u00bb{}\u00bb sticky_enabled=\u00bb0&#8243;][\/et_pb_button][et_pb_button button_url=\u00bbhttps:\/\/institutosantacruz.edu.ar\/wp-content\/uploads\/2023\/11\/Ficha-de-Salud-Primaria-.pdf\u00bb url_new_window=\u00bbon\u00bb button_text=\u00bbFORMULARIO DE SALUD\u00bb button_alignment=\u00bbcenter\u00bb module_class=\u00bbaccessbutton\u00bb _builder_version=\u00bb4.27.4&#8243; custom_button=\u00bbon\u00bb button_text_size=\u00bb10px\u00bb button_text_color=\u00bb#ffffff\u00bb button_bg_color=\u00bb#018e01&#8243; button_border_width=\u00bb0px\u00bb button_border_color=\u00bbrgba(0,0,0,0)\u00bb button_border_radius=\u00bb1px\u00bb button_letter_spacing=\u00bb2px\u00bb button_font=\u00bb|300|||||||\u00bb button_icon=\u00bb&#x45;||divi||400&#8243; button_icon_color=\u00bb#ffffff\u00bb background_layout=\u00bbdark\u00bb custom_padding=\u00bb10px|40px|10px|40px|false|false\u00bb global_colors_info=\u00bb{}\u00bb][\/et_pb_button][et_pb_button button_url=\u00bbhttps:\/\/institutosantacruz.edu.ar\/wp-content\/uploads\/2025\/03\/Ficha-de-Salud-GCBA-2025.pdf\u00bb url_new_window=\u00bbon\u00bb button_text=\u00bbFICHA DE SALUD del Gobierno de la Ciudad de Buenos Aires\u00bb button_alignment=\u00bbcenter\u00bb module_class=\u00bbaccessbutton\u00bb _builder_version=\u00bb4.27.5&#8243; custom_button=\u00bbon\u00bb button_text_size=\u00bb10px\u00bb button_text_color=\u00bb#ffffff\u00bb button_bg_color=\u00bb#018e01&#8243; button_border_width=\u00bb0px\u00bb button_border_color=\u00bbrgba(0,0,0,0)\u00bb button_border_radius=\u00bb1px\u00bb button_letter_spacing=\u00bb2px\u00bb button_font=\u00bb|300|||||||\u00bb button_icon=\u00bb&#x45;||divi||400&#8243; button_icon_color=\u00bb#ffffff\u00bb background_layout=\u00bbdark\u00bb custom_padding=\u00bb10px|40px|10px|40px|false|false\u00bb hover_enabled=\u00bb0&#8243; global_colors_info=\u00bb{}\u00bb sticky_enabled=\u00bb0&#8243;][\/et_pb_button][et_pb_button button_url=\u00bbhttps:\/\/institutosantacruz.edu.ar\/wp-content\/uploads\/2025\/02\/Castillo-de-numeros.jpeg\u00bb url_new_window=\u00bbon\u00bb button_text=\u00bbCASTILLO DE NUMEROS\u00bb button_alignment=\u00bbcenter\u00bb module_class=\u00bbaccessbutton\u00bb _builder_version=\u00bb4.27.4&#8243; custom_button=\u00bbon\u00bb button_text_size=\u00bb10px\u00bb button_text_color=\u00bb#ffffff\u00bb button_bg_color=\u00bb#018e01&#8243; button_border_width=\u00bb0px\u00bb button_border_color=\u00bbrgba(0,0,0,0)\u00bb button_border_radius=\u00bb1px\u00bb button_letter_spacing=\u00bb2px\u00bb button_font=\u00bb|300|||||||\u00bb button_icon=\u00bb&#x45;||divi||400&#8243; button_icon_color=\u00bb#ffffff\u00bb background_layout=\u00bbdark\u00bb custom_padding=\u00bb10px|40px|10px|40px|false|false\u00bb global_colors_info=\u00bb{}\u00bb][\/et_pb_button][et_pb_button button_url=\u00bbhttps:\/\/institutosantacruz.edu.ar\/wp-content\/uploads\/2025\/02\/Abecedario-4-letras.jpg\u00bb url_new_window=\u00bbon\u00bb button_text=\u00bbABECEDARIO\u00bb button_alignment=\u00bbcenter\u00bb module_class=\u00bbaccessbutton\u00bb _builder_version=\u00bb4.27.4&#8243; custom_button=\u00bbon\u00bb button_text_size=\u00bb10px\u00bb button_text_color=\u00bb#ffffff\u00bb button_bg_color=\u00bb#018e01&#8243; button_border_width=\u00bb0px\u00bb button_border_color=\u00bbrgba(0,0,0,0)\u00bb button_border_radius=\u00bb1px\u00bb button_letter_spacing=\u00bb2px\u00bb button_font=\u00bb|300|||||||\u00bb button_icon=\u00bb&#x45;||divi||400&#8243; button_icon_color=\u00bb#ffffff\u00bb background_layout=\u00bbdark\u00bb custom_padding=\u00bb10px|40px|10px|40px|false|false\u00bb global_colors_info=\u00bb{}\u00bb][\/et_pb_button][\/et_pb_column][\/et_pb_row][\/et_pb_section][et_pb_section fb_built=\u00bb1&#8243; _builder_version=\u00bb4.16&#8243; background_color=\u00bb#1c6634&#8243; height=\u00bb213px\u00bb max_height=\u00bb222px\u00bb custom_margin=\u00bb-10px||||false|false\u00bb custom_padding=\u00bb21px|||||\u00bb top_divider_height=\u00bb109px\u00bb top_divider_repeat=\u00bb2x\u00bb top_divider_flip=\u00bbvertical\u00bb locked=\u00bboff\u00bb global_colors_info=\u00bb{}\u00bb][et_pb_row column_structure=\u00bb1_3,1_3,1_3&#8243; _builder_version=\u00bb4.16&#8243; min_height=\u00bb157px\u00bb custom_margin=\u00bb-20px||||false|false\u00bb global_colors_info=\u00bb{}\u00bb][et_pb_column type=\u00bb1_3&#8243; _builder_version=\u00bb4.16&#8243; global_colors_info=\u00bb{}\u00bb][et_pb_image src=\u00bbhttps:\/\/institutosantacruz.edu.ar\/wp-content\/uploads\/2019\/10\/logo_verde.png\u00bb align=\u00bbcenter\u00bb _builder_version=\u00bb4.16&#8243; global_colors_info=\u00bb{}\u00bb][\/et_pb_image][et_pb_code _builder_version=\u00bb4.16&#8243; text_orientation=\u00bbcenter\u00bb custom_margin=\u00bb-25px||||false|false\u00bb global_colors_info=\u00bb{}\u00bb]<pee style=\"text-align: center;\"><img decoding=\"async\" src=\"https:\/\/institutosantacruz.edu.ar\/wp-content\/uploads\/2019\/10\/tw-1.png\"><img decoding=\"async\" style=\"margin-left: 17px;\" src=\"https:\/\/institutosantacruz.edu.ar\/wp-content\/uploads\/2019\/10\/ig-1.png\"><img decoding=\"async\" style=\"margin-left: 17px;\" src=\"https:\/\/institutosantacruz.edu.ar\/wp-content\/uploads\/2019\/10\/fb-1.png\"><img decoding=\"async\" style=\"margin-left: 17px;\" src=\"https:\/\/institutosantacruz.edu.ar\/wp-content\/uploads\/2019\/10\/ws-1.png\"><\/pee>[\/et_pb_code][\/et_pb_column][et_pb_column type=\u00bb1_3&#8243; _builder_version=\u00bb4.16&#8243; global_colors_info=\u00bb{}\u00bb][et_pb_code _builder_version=\u00bb4.16&#8243; text_orientation=\u00bbcenter\u00bb global_colors_info=\u00bb{}\u00bb]<pee style=\"color:#fff;font-size:13px;text-align:center;font-weight: lighter;\"><!-- [et_pb_line_break_holder] -->  Colegio Santa Cruz | Todos los derechos reservados \u00ae<!-- [et_pb_line_break_holder] --><\/pee>[\/et_pb_code][\/et_pb_column][et_pb_column type=\u00bb1_3&#8243; _builder_version=\u00bb4.16&#8243; global_colors_info=\u00bb{}\u00bb][et_pb_code _builder_version=\u00bb4.16&#8243; text_orientation=\u00bbcenter\u00bb global_colors_info=\u00bb{}\u00bb]<pee style=\"color:#fff;font-size:13px;font-weight: lighter;line-height: 1.2;\"><!-- [et_pb_line_break_holder] -->Direcci\u00f3n:<!-- [et_pb_line_break_holder] --><!-- [et_pb_line_break_holder] -->24 de Noviembre 900 &#8211; C.A.B.A.<!-- [et_pb_line_break_holder] --><!-- [et_pb_line_break_holder] -->Bs.As. &#8211; Argentina<\/pee><!-- [et_pb_line_break_holder] --><!-- [et_pb_line_break_holder] --><!-- [et_pb_line_break_holder] --><!-- [et_pb_line_break_holder] --><!-- [et_pb_line_break_holder] --><!-- [et_pb_line_break_holder] --><!-- [et_pb_line_break_holder] --><pee style=\"color:#fff;font-size:13px;font-weight: lighter;line-height: 1.2;\"><!-- [et_pb_line_break_holder] -->Horario de atenci\u00f3n:<!-- [et_pb_line_break_holder] --><!-- [et_pb_line_break_holder] -->Lunes a Viernes de 8:00 a 15 hs.<\/pee><!-- [et_pb_line_break_holder] --><!-- [et_pb_line_break_holder] --><!-- [et_pb_line_break_holder] --><!-- [et_pb_line_break_holder] --><!-- [et_pb_line_break_holder] --><!-- [et_pb_line_break_holder] --><!-- [et_pb_line_break_holder] --><pee style=\"color:#fff;font-size:13px;font-weight: lighter;line-height: 1.2;\"><!-- [et_pb_line_break_holder] -->Tel\u00e9fono:<!-- [et_pb_line_break_holder] --><!-- [et_pb_line_break_holder] -->+54 11 7700 2210 <\/pee><!-- [et_pb_line_break_holder] --><!-- [et_pb_line_break_holder] --><!-- [et_pb_line_break_holder] --><!-- [et_pb_line_break_holder] --><!-- [et_pb_line_break_holder] --><!-- [et_pb_line_break_holder] --><!-- [et_pb_line_break_holder] -->[\/et_pb_code][\/et_pb_column][\/et_pb_row][\/et_pb_section]<\/p>\n","protected":false},"excerpt":{"rendered":"<p>NOTICIAS-FORMULARIOS Y DESCARGAS Nivel Primario Acceso a plataformaQuer\u00edamos informarle que en breve tendr\u00e1n acceso a un sistema de actualizaci\u00f3n de datos Online, donde cada uno de ustedes podr\u00e1n ingresar y actualizar los datos de sus hijos cuando lo deseen. De esta forma damos un paso mas para lograr una mejor y mas fluida comunicaci\u00f3n.El ingreso [&hellip;]<\/p>\n","protected":false},"author":4,"featured_media":0,"parent":0,"menu_order":0,"comment_status":"closed","ping_status":"closed","template":"","meta":{"_et_pb_use_builder":"on","_et_pb_old_content":"<!-- wp:paragraph -->\n<p>Inscripci\u00f3n al ciclo lectivo 2021<\/p>\n<!-- \/wp:paragraph -->","_et_gb_content_width":"","footnotes":""},"class_list":["post-2690","page","type-page","status-publish","hentry"],"_links":{"self":[{"href":"https:\/\/institutosantacruz.edu.ar\/index.php?rest_route=\/wp\/v2\/pages\/2690","targetHints":{"allow":["GET"]}}],"collection":[{"href":"https:\/\/institutosantacruz.edu.ar\/index.php?rest_route=\/wp\/v2\/pages"}],"about":[{"href":"https:\/\/institutosantacruz.edu.ar\/index.php?rest_route=\/wp\/v2\/types\/page"}],"author":[{"embeddable":true,"href":"https:\/\/institutosantacruz.edu.ar\/index.php?rest_route=\/wp\/v2\/users\/4"}],"replies":[{"embeddable":true,"href":"https:\/\/institutosantacruz.edu.ar\/index.php?rest_route=%2Fwp%2Fv2%2Fcomments&post=2690"}],"version-history":[{"count":47,"href":"https:\/\/institutosantacruz.edu.ar\/index.php?rest_route=\/wp\/v2\/pages\/2690\/revisions"}],"predecessor-version":[{"id":5186,"href":"https:\/\/institutosantacruz.edu.ar\/index.php?rest_route=\/wp\/v2\/pages\/2690\/revisions\/5186"}],"wp:attachment":[{"href":"https:\/\/institutosantacruz.edu.ar\/index.php?rest_route=%2Fwp%2Fv2%2Fmedia&parent=2690"}],"curies":[{"name":"wp","href":"https:\/\/api.w.org\/{rel}","templated":true}]}}