{"id":2246,"date":"2020-07-27T12:40:37","date_gmt":"2020-07-27T15:40:37","guid":{"rendered":"https:\/\/institutosantacruz.edu.ar\/?page_id=2246"},"modified":"2021-09-20T10:51:20","modified_gmt":"2021-09-20T13:51:20","slug":"taller-de-handball","status":"publish","type":"page","link":"https:\/\/institutosantacruz.edu.ar\/?page_id=2246","title":{"rendered":"Taller de Handball"},"content":{"rendered":"<p>[et_pb_section fb_built=\u00bb1&#8243; _builder_version=\u00bb3.28&#8243; background_color=\u00bb#e09900&#8243; fb_built=\u00bb1&#8243; _i=\u00bb0&#8243; _address=\u00bb0&#8243;][et_pb_row _builder_version=\u00bb3.28&#8243; width=\u00bb100%\u00bb max_width=\u00bb1982px\u00bb module_alignment=\u00bbcenter\u00bb min_height=\u00bb574px\u00bb custom_margin=\u00bb||||false|false\u00bb custom_padding=\u00bb||||false|false\u00bb _i=\u00bb0&#8243; _address=\u00bb0.0&#8243;][et_pb_column type=\u00bb4_4&#8243; _builder_version=\u00bb3.28&#8243; _i=\u00bb0&#8243; _address=\u00bb0.0.0&#8243;][et_pb_text _builder_version=\u00bb3.28&#8243; text_font=\u00bbAlegreya Sans|700|||||||\u00bb text_font_size=\u00bb40px\u00bb header_2_font=\u00bbAbhaya Libre|500|on||||||\u00bb header_2_font_size=\u00bb25px\u00bb text_orientation=\u00bbcenter\u00bb text_text_shadow_style=\u00bbpreset1&#8243; _i=\u00bb0&#8243; _address=\u00bb0.0.0.0&#8243;]<\/p>\n<div style=\"margin-top: 0%; margin-left: 20%;\">\n<div>\n<h3 style=\"font-size:15px; font-weight: normal; color: #ffffff; letter-spacing: 3px; text-align: left;\">PROYECTO EDUCATIVO<\/h3>\n<\/div>\n<div>\n<h1 style=\"font-size: 50px; font-weight: normal; color: #ffffff; text-align: left;\">Taller de Handball<\/h1>\n<\/div>\n<div>\n<h2 style=\"font-size: 17px; font-weight: normal; color: #ffffff; letter-spacing: 3px; text-align: left;\">Que los alumnos evolucionen en su desempe\u00f1o, que se genere un grupo unido, que<br \/>\nsientan pasi\u00f3n por el deporte que practican, que se diviertan y que aprendan lo<br \/>\nimportante que es hacer una actividad f\u00edsica.<br \/>\nQue desarrollen las habilidades espec\u00edficas del deporte, el trabajo en equipo,<br \/>\ncamarader\u00eda.<\/h2>\n<\/div>\n<\/div>\n<p>[\/et_pb_text][et_pb_slider _builder_version=\u00bb3.28&#8243; header_level=\u00bbh3&#8243; header_font=\u00bbAkronim|||||on|||\u00bb body_font=\u00bbGeorgia||on||||||\u00bb body_text_align=\u00bbcenter\u00bb body_font_size=\u00bb15px\u00bb body_line_height=\u00bb1.6em\u00bb background_enable_image=\u00bboff\u00bb width=\u00bb100%\u00bb content_max_width=\u00bb100%\u00bb min_height=\u00bb495px\u00bb height=\u00bb586px\u00bb max_height=\u00bb650px\u00bb custom_margin=\u00bb||||false|false\u00bb custom_padding=\u00bb||267px||false|false\u00bb animation_style=\u00bbslide\u00bb auto=\u00bbon\u00bb auto_speed=\u00bb4000&#8243; body_text_shadow_style=\u00bbpreset5&#8243; body_text_shadow_horizontal_length=\u00bb0.36em\u00bb body_text_shadow_vertical_length=\u00bb0.31em\u00bb body_text_shadow_blur_strength=\u00bb0.21em\u00bb _i=\u00bb1&#8243; _address=\u00bb0.0.0.1&#8243;][et_pb_slide _builder_version=\u00bb3.28&#8243; background_image=\u00bbhttps:\/\/institutosantacruz.edu.ar\/wp-content\/uploads\/2020\/07\/HANDBALL-scaled.jpg\u00bb background_enable_image=\u00bbon\u00bb _i=\u00bb0&#8243; _address=\u00bb0.0.0.1.0&#8243;][\/et_pb_slide][\/et_pb_slider][\/et_pb_column][\/et_pb_row][et_pb_row _builder_version=\u00bb3.28&#8243; background_color=\u00bb#1c6634&#8243; width=\u00bb100%\u00bb max_width=\u00bb100%\u00bb _i=\u00bb1&#8243; _address=\u00bb0.1&#8243;][et_pb_column type=\u00bb4_4&#8243; _builder_version=\u00bb3.28&#8243; _i=\u00bb0&#8243; _address=\u00bb0.1.0&#8243;][et_pb_contact_form _builder_version=\u00bb3.28&#8243; captcha_text_color=\u00bb#ffffff\u00bb custom_button=\u00bbon\u00bb button_text_color=\u00bb#ffffff\u00bb width=\u00bb100%\u00bb max_width=\u00bb50%\u00bb module_alignment=\u00bbcenter\u00bb _i=\u00bb0&#8243; _address=\u00bb0.1.0.0&#8243;][et_pb_contact_field field_id=\u00bbName\u00bb field_title=\u00bbNombre\u00bb _builder_version=\u00bb3.16&#8243; _i=\u00bb0&#8243; _address=\u00bb0.1.0.0.0&#8243; button_text_size__hover_enabled=\u00bboff\u00bb button_one_text_size__hover_enabled=\u00bboff\u00bb button_two_text_size__hover_enabled=\u00bboff\u00bb button_text_color__hover_enabled=\u00bboff\u00bb button_one_text_color__hover_enabled=\u00bboff\u00bb button_two_text_color__hover_enabled=\u00bboff\u00bb button_border_width__hover_enabled=\u00bboff\u00bb button_one_border_width__hover_enabled=\u00bboff\u00bb button_two_border_width__hover_enabled=\u00bboff\u00bb button_border_color__hover_enabled=\u00bboff\u00bb button_one_border_color__hover_enabled=\u00bboff\u00bb button_two_border_color__hover_enabled=\u00bboff\u00bb button_border_radius__hover_enabled=\u00bboff\u00bb button_one_border_radius__hover_enabled=\u00bboff\u00bb button_two_border_radius__hover_enabled=\u00bboff\u00bb button_letter_spacing__hover_enabled=\u00bboff\u00bb button_one_letter_spacing__hover_enabled=\u00bboff\u00bb button_two_letter_spacing__hover_enabled=\u00bboff\u00bb button_bg_color__hover_enabled=\u00bboff\u00bb button_one_bg_color__hover_enabled=\u00bboff\u00bb button_two_bg_color__hover_enabled=\u00bboff\u00bb][\/et_pb_contact_field][et_pb_contact_field field_id=\u00bbEmail\u00bb field_title=\u00bbDirecci\u00f3n de correo electr\u00f3nico\u00bb field_type=\u00bbemail\u00bb _builder_version=\u00bb3.16&#8243; _i=\u00bb1&#8243; _address=\u00bb0.1.0.0.1&#8243; button_text_size__hover_enabled=\u00bboff\u00bb button_one_text_size__hover_enabled=\u00bboff\u00bb button_two_text_size__hover_enabled=\u00bboff\u00bb button_text_color__hover_enabled=\u00bboff\u00bb button_one_text_color__hover_enabled=\u00bboff\u00bb button_two_text_color__hover_enabled=\u00bboff\u00bb button_border_width__hover_enabled=\u00bboff\u00bb button_one_border_width__hover_enabled=\u00bboff\u00bb button_two_border_width__hover_enabled=\u00bboff\u00bb button_border_color__hover_enabled=\u00bboff\u00bb button_one_border_color__hover_enabled=\u00bboff\u00bb button_two_border_color__hover_enabled=\u00bboff\u00bb button_border_radius__hover_enabled=\u00bboff\u00bb button_one_border_radius__hover_enabled=\u00bboff\u00bb button_two_border_radius__hover_enabled=\u00bboff\u00bb button_letter_spacing__hover_enabled=\u00bboff\u00bb button_one_letter_spacing__hover_enabled=\u00bboff\u00bb button_two_letter_spacing__hover_enabled=\u00bboff\u00bb button_bg_color__hover_enabled=\u00bboff\u00bb button_one_bg_color__hover_enabled=\u00bboff\u00bb button_two_bg_color__hover_enabled=\u00bboff\u00bb][\/et_pb_contact_field][et_pb_contact_field field_id=\u00bbMessage\u00bb field_title=\u00bbMensaje\u00bb field_type=\u00bbtext\u00bb fullwidth_field=\u00bbon\u00bb _builder_version=\u00bb3.16&#8243; _i=\u00bb2&#8243; _address=\u00bb0.1.0.0.2&#8243; button_text_size__hover_enabled=\u00bboff\u00bb button_one_text_size__hover_enabled=\u00bboff\u00bb button_two_text_size__hover_enabled=\u00bboff\u00bb button_text_color__hover_enabled=\u00bboff\u00bb button_one_text_color__hover_enabled=\u00bboff\u00bb button_two_text_color__hover_enabled=\u00bboff\u00bb button_border_width__hover_enabled=\u00bboff\u00bb button_one_border_width__hover_enabled=\u00bboff\u00bb button_two_border_width__hover_enabled=\u00bboff\u00bb button_border_color__hover_enabled=\u00bboff\u00bb button_one_border_color__hover_enabled=\u00bboff\u00bb button_two_border_color__hover_enabled=\u00bboff\u00bb button_border_radius__hover_enabled=\u00bboff\u00bb button_one_border_radius__hover_enabled=\u00bboff\u00bb button_two_border_radius__hover_enabled=\u00bboff\u00bb button_letter_spacing__hover_enabled=\u00bboff\u00bb button_one_letter_spacing__hover_enabled=\u00bboff\u00bb button_two_letter_spacing__hover_enabled=\u00bboff\u00bb button_bg_color__hover_enabled=\u00bboff\u00bb button_one_bg_color__hover_enabled=\u00bboff\u00bb button_two_bg_color__hover_enabled=\u00bboff\u00bb][\/et_pb_contact_field][\/et_pb_contact_form][\/et_pb_column][\/et_pb_row][\/et_pb_section][et_pb_section fb_built=\u00bb1&#8243; _builder_version=\u00bb3.28&#8243; background_color=\u00bb#e09900&#8243; locked=\u00bboff\u00bb fb_built=\u00bb1&#8243; _i=\u00bb1&#8243; _address=\u00bb1&#8243;][et_pb_row column_structure=\u00bb1_5,1_5,1_5,1_5,1_5&#8243; _builder_version=\u00bb3.28&#8243; width=\u00bb75%\u00bb locked=\u00bboff\u00bb _i=\u00bb0&#8243; _address=\u00bb1.0&#8243;][et_pb_column type=\u00bb1_5&#8243; _builder_version=\u00bb3.28&#8243; _i=\u00bb0&#8243; _address=\u00bb1.0.0&#8243;][et_pb_image src=\u00bbhttps:\/\/institutosantacruz.edu.ar\/wp-content\/uploads\/2020\/07\/Taller-Canto-e1595861332986.jpeg\u00bb url=\u00bbhttps:\/\/institutosantacruz.edu.ar\/?page_id=2180&#8243; align=\u00bbcenter\u00bb _builder_version=\u00bb3.28&#8243; width=\u00bb160px\u00bb height=\u00bb160px\u00bb border_width_all=\u00bb2px\u00bb border_color_all=\u00bb#ffffff\u00bb _i=\u00bb0&#8243; _address=\u00bb1.0.0.0&#8243;][\/et_pb_image][et_pb_text _builder_version=\u00bb3.28&#8243; text_font=\u00bbCrimson Text||||||||\u00bb text_text_color=\u00bb#ffffff\u00bb header_3_text_align=\u00bbcenter\u00bb text_orientation=\u00bbcenter\u00bb background_layout=\u00bbdark\u00bb link_option_url=\u00bbhttps:\/\/institutosantacruz.edu.ar\/?page_id=2180&#8243; header_3_text_shadow_style=\u00bbpreset1&#8243; header_3_text_shadow_vertical_length=\u00bb0.28em\u00bb _i=\u00bb1&#8243; _address=\u00bb1.0.0.1&#8243;]<\/p>\n<div>\n<h3 style=\"font-size: 15px; font-weight: normal; color: #ffffff; letter-spacing: 3px; text-align: CENTER;\">CANTO<\/h3>\n<\/div>\n<p>[\/et_pb_text][\/et_pb_column][et_pb_column type=\u00bb1_5&#8243; _builder_version=\u00bb3.28&#8243; _i=\u00bb1&#8243; _address=\u00bb1.0.1&#8243;][et_pb_image src=\u00bbhttps:\/\/institutosantacruz.edu.ar\/wp-content\/uploads\/2020\/07\/Taller-Coreografia-1.jpg\u00bb url=\u00bbhttps:\/\/institutosantacruz.edu.ar\/?page_id=2214&#8243; align=\u00bbcenter\u00bb _builder_version=\u00bb3.28&#8243; width=\u00bb160px\u00bb height=\u00bb160px\u00bb border_width_all=\u00bb2px\u00bb border_color_all=\u00bb#ffffff\u00bb _i=\u00bb0&#8243; _address=\u00bb1.0.1.0&#8243;][\/et_pb_image][et_pb_text _builder_version=\u00bb3.28&#8243; text_font=\u00bbCrimson Text||||||||\u00bb text_text_color=\u00bb#ffffff\u00bb text_orientation=\u00bbcenter\u00bb background_layout=\u00bbdark\u00bb link_option_url=\u00bbhttps:\/\/institutosantacruz.edu.ar\/?page_id=2214&#8243; header_3_text_shadow_style=\u00bbpreset1&#8243; header_3_text_shadow_vertical_length=\u00bb0.28em\u00bb _i=\u00bb1&#8243; _address=\u00bb1.0.1.1&#8243;]<\/p>\n<div>\n<h3 style=\"font-size: 15px; font-weight: normal; color: #ffffff; letter-spacing: 3px; text-align: CENTER;\">COREOGRAF\u00cdA<\/h3>\n<\/div>\n<p>[\/et_pb_text][\/et_pb_column][et_pb_column type=\u00bb1_5&#8243; _builder_version=\u00bb3.28&#8243; _i=\u00bb2&#8243; _address=\u00bb1.0.2&#8243;][et_pb_image src=\u00bbhttps:\/\/institutosantacruz.edu.ar\/wp-content\/uploads\/2020\/07\/Valorando-danza4-e1595861093913.jpg\u00bb url=\u00bbhttps:\/\/institutosantacruz.edu.ar\/?page_id=2232&#8243; align=\u00bbcenter\u00bb _builder_version=\u00bb3.28&#8243; width=\u00bb160px\u00bb height=\u00bb160px\u00bb border_width_all=\u00bb2px\u00bb border_color_all=\u00bb#ffffff\u00bb _i=\u00bb0&#8243; _address=\u00bb1.0.2.0&#8243;][\/et_pb_image][et_pb_text _builder_version=\u00bb3.28&#8243; text_font=\u00bbCrimson Text||||||||\u00bb text_text_color=\u00bb#ffffff\u00bb text_orientation=\u00bbcenter\u00bb background_layout=\u00bbdark\u00bb link_option_url=\u00bbhttps:\/\/institutosantacruz.edu.ar\/?page_id=2232&#8243; header_3_text_shadow_style=\u00bbpreset1&#8243; header_3_text_shadow_vertical_length=\u00bb0.28em\u00bb _i=\u00bb1&#8243; _address=\u00bb1.0.2.1&#8243;]<\/p>\n<div>\n<h3 style=\"font-size: 15px; font-weight: normal; color: #ffffff; letter-spacing: 3px; text-align: CENTER;\">DANZA<\/h3>\n<\/div>\n<p>[\/et_pb_text][\/et_pb_column][et_pb_column type=\u00bb1_5&#8243; _builder_version=\u00bb3.28&#8243; _i=\u00bb3&#8243; _address=\u00bb1.0.3&#8243;][et_pb_image src=\u00bbhttps:\/\/institutosantacruz.edu.ar\/wp-content\/uploads\/2020\/07\/Valorando-futbol4-e1595861229836.jpg\u00bb url=\u00bbhttps:\/\/institutosantacruz.edu.ar\/?page_id=2225&#8243; align=\u00bbcenter\u00bb _builder_version=\u00bb3.28&#8243; border_width_all=\u00bb2px\u00bb border_color_all=\u00bb#ffffff\u00bb _i=\u00bb0&#8243; _address=\u00bb1.0.3.0&#8243;][\/et_pb_image][et_pb_text _builder_version=\u00bb3.28&#8243; text_font=\u00bbCrimson Text||||||||\u00bb text_text_color=\u00bb#ffffff\u00bb text_orientation=\u00bbcenter\u00bb background_layout=\u00bbdark\u00bb link_option_url=\u00bbhttps:\/\/institutosantacruz.edu.ar\/?page_id=2225&#8243; header_3_text_shadow_style=\u00bbpreset1&#8243; header_3_text_shadow_vertical_length=\u00bb0.28em\u00bb _i=\u00bb1&#8243; _address=\u00bb1.0.3.1&#8243;]<\/p>\n<div>\n<h3 style=\"font-size: 15px; font-weight: normal; color: #ffffff; letter-spacing: 3px; text-align: CENTER;\">FUTBOL<\/h3>\n<\/div>\n<p>[\/et_pb_text][\/et_pb_column][et_pb_column type=\u00bb1_5&#8243; _builder_version=\u00bb3.28&#8243; _i=\u00bb4&#8243; _address=\u00bb1.0.4&#8243;][et_pb_image src=\u00bbhttps:\/\/institutosantacruz.edu.ar\/wp-content\/uploads\/2020\/07\/GIMNASIA-10-scaled-e1595861459308.jpeg\u00bb url=\u00bbhttps:\/\/institutosantacruz.edu.ar\/?page_id=2240&#8243; align=\u00bbcenter\u00bb _builder_version=\u00bb3.28&#8243; width=\u00bb160px\u00bb height=\u00bb160px\u00bb border_width_all=\u00bb2px\u00bb border_color_all=\u00bb#ffffff\u00bb _i=\u00bb0&#8243; _address=\u00bb1.0.4.0&#8243;][\/et_pb_image][et_pb_text _builder_version=\u00bb3.28&#8243; text_font=\u00bbCrimson Text||||||||\u00bb text_text_color=\u00bb#ffffff\u00bb text_orientation=\u00bbcenter\u00bb background_layout=\u00bbdark\u00bb link_option_url=\u00bbhttps:\/\/institutosantacruz.edu.ar\/?page_id=2240&#8243; header_3_text_shadow_style=\u00bbpreset1&#8243; header_3_text_shadow_vertical_length=\u00bb0.28em\u00bb _i=\u00bb1&#8243; _address=\u00bb1.0.4.1&#8243;]<\/p>\n<div>\n<h3 style=\"font-size: 15px; font-weight: normal; color: #ffffff; letter-spacing: 3px; text-align: CENTER;\">GIMNASIA<\/h3>\n<\/div>\n<p>[\/et_pb_text][\/et_pb_column][\/et_pb_row][et_pb_row column_structure=\u00bb1_5,1_5,1_5,1_5,1_5&#8243; _builder_version=\u00bb3.28&#8243; width=\u00bb75%\u00bb locked=\u00bboff\u00bb _i=\u00bb1&#8243; _address=\u00bb1.1&#8243;][et_pb_column type=\u00bb1_5&#8243; _builder_version=\u00bb3.28&#8243; _i=\u00bb0&#8243; _address=\u00bb1.1.0&#8243;][et_pb_image src=\u00bbhttps:\/\/institutosantacruz.edu.ar\/wp-content\/uploads\/2020\/07\/HANDBALL-1-scaled-e1595861788672.jpg\u00bb url=\u00bbhttps:\/\/institutosantacruz.edu.ar\/?page_id=2246&#8243; align=\u00bbcenter\u00bb _builder_version=\u00bb3.28&#8243; width=\u00bb160px\u00bb height=\u00bb160px\u00bb border_width_all=\u00bb2px\u00bb border_color_all=\u00bb#ffffff\u00bb _i=\u00bb0&#8243; _address=\u00bb1.1.0.0&#8243;][\/et_pb_image][et_pb_text _builder_version=\u00bb3.28&#8243; text_font=\u00bbCrimson Text||||||||\u00bb text_text_color=\u00bb#ffffff\u00bb text_orientation=\u00bbcenter\u00bb background_layout=\u00bbdark\u00bb link_option_url=\u00bbhttps:\/\/institutosantacruz.edu.ar\/?page_id=2246&#8243; header_3_text_shadow_style=\u00bbpreset1&#8243; header_3_text_shadow_vertical_length=\u00bb0.28em\u00bb _i=\u00bb1&#8243; _address=\u00bb1.1.0.1&#8243;]<\/p>\n<div>\n<h3 style=\"font-size: 15px; font-weight: normal; color: #ffffff; letter-spacing: 3px; text-align: CENTER;\">HANDBALL<\/h3>\n<\/div>\n<p>[\/et_pb_text][\/et_pb_column][et_pb_column type=\u00bb1_5&#8243; _builder_version=\u00bb3.28&#8243; _i=\u00bb1&#8243; _address=\u00bb1.1.1&#8243;][et_pb_image src=\u00bbhttps:\/\/institutosantacruz.edu.ar\/wp-content\/uploads\/2020\/07\/HOCKEY-1-e1595861909878.jpg\u00bb url=\u00bbhttps:\/\/institutosantacruz.edu.ar\/?page_id=2255&#8243; align=\u00bbcenter\u00bb _builder_version=\u00bb3.28&#8243; width=\u00bb160px\u00bb height=\u00bb160px\u00bb border_width_all=\u00bb2px\u00bb border_color_all=\u00bb#ffffff\u00bb _i=\u00bb0&#8243; _address=\u00bb1.1.1.0&#8243;][\/et_pb_image][et_pb_text _builder_version=\u00bb3.28&#8243; text_font=\u00bbCrimson Text||||||||\u00bb text_text_color=\u00bb#ffffff\u00bb text_orientation=\u00bbcenter\u00bb background_layout=\u00bbdark\u00bb link_option_url=\u00bbhttps:\/\/institutosantacruz.edu.ar\/?page_id=2255&#8243; header_3_text_shadow_style=\u00bbpreset1&#8243; header_3_text_shadow_vertical_length=\u00bb0.28em\u00bb _i=\u00bb1&#8243; _address=\u00bb1.1.1.1&#8243;]<\/p>\n<div>\n<h3 style=\"font-size: 15px; font-weight: normal; color: #ffffff; letter-spacing: 3px; text-align: CENTER;\">HOCKEY<\/h3>\n<\/div>\n<p>[\/et_pb_text][\/et_pb_column][et_pb_column type=\u00bb1_5&#8243; _builder_version=\u00bb3.28&#8243; _i=\u00bb2&#8243; _address=\u00bb1.1.2&#8243;][et_pb_image src=\u00bbhttps:\/\/institutosantacruz.edu.ar\/wp-content\/uploads\/2020\/07\/MAMI-FUTBOL-1-scaled-e1595862015984.jpg\u00bb url=\u00bbhttps:\/\/institutosantacruz.edu.ar\/?page_id=2261&#8243; align=\u00bbcenter\u00bb _builder_version=\u00bb3.28&#8243; width=\u00bb160px\u00bb height=\u00bb160px\u00bb border_width_all=\u00bb2px\u00bb border_color_all=\u00bb#ffffff\u00bb _i=\u00bb0&#8243; _address=\u00bb1.1.2.0&#8243;][\/et_pb_image][et_pb_text _builder_version=\u00bb3.28&#8243; text_font=\u00bbCrimson Text||||||||\u00bb text_text_color=\u00bb#ffffff\u00bb text_orientation=\u00bbcenter\u00bb background_layout=\u00bbdark\u00bb link_option_url=\u00bbhttps:\/\/institutosantacruz.edu.ar\/?page_id=2261&#8243; header_3_text_shadow_style=\u00bbpreset1&#8243; header_3_text_shadow_vertical_length=\u00bb0.28em\u00bb _i=\u00bb1&#8243; _address=\u00bb1.1.2.1&#8243;]<\/p>\n<div>\n<h3 style=\"font-size: 15px; font-weight: normal; color: #ffffff; letter-spacing: 3px; text-align: CENTER;\">MAMI-FUTBOL<\/h3>\n<\/div>\n<p>[\/et_pb_text][\/et_pb_column][et_pb_column type=\u00bb1_5&#8243; _builder_version=\u00bb3.28&#8243; _i=\u00bb3&#8243; _address=\u00bb1.1.3&#8243;][et_pb_image src=\u00bbhttps:\/\/institutosantacruz.edu.ar\/wp-content\/uploads\/2020\/07\/TAEKWONDO-02-e1595862285267.jpg\u00bb url=\u00bbhttps:\/\/institutosantacruz.edu.ar\/?page_id=2269&#8243; align=\u00bbcenter\u00bb _builder_version=\u00bb3.28&#8243; width=\u00bb160px\u00bb height=\u00bb160px\u00bb border_width_all=\u00bb2px\u00bb border_color_all=\u00bb#ffffff\u00bb _i=\u00bb0&#8243; _address=\u00bb1.1.3.0&#8243;][\/et_pb_image][et_pb_text _builder_version=\u00bb3.28&#8243; text_font=\u00bbCrimson Text||||||||\u00bb text_text_color=\u00bb#ffffff\u00bb text_orientation=\u00bbcenter\u00bb background_layout=\u00bbdark\u00bb link_option_url=\u00bbhttps:\/\/institutosantacruz.edu.ar\/?page_id=2269&#8243; header_3_text_shadow_style=\u00bbpreset1&#8243; header_3_text_shadow_vertical_length=\u00bb0.28em\u00bb _i=\u00bb1&#8243; _address=\u00bb1.1.3.1&#8243;]<\/p>\n<div>\n<h3 style=\"font-size: 15px; font-weight: normal; color: #ffffff; letter-spacing: 3px; text-align: CENTER;\">TAEKWONDO<\/h3>\n<\/div>\n<p>[\/et_pb_text][\/et_pb_column][et_pb_column type=\u00bb1_5&#8243; _builder_version=\u00bb3.28&#8243; _i=\u00bb4&#8243; _address=\u00bb1.1.4&#8243;][et_pb_image src=\u00bbhttps:\/\/institutosantacruz.edu.ar\/wp-content\/uploads\/2020\/05\/TEATRO-4-scaled-e1595862389623.jpeg\u00bb url=\u00bbhttps:\/\/institutosantacruz.edu.ar\/?page_id=2276&#8243; align=\u00bbcenter\u00bb _builder_version=\u00bb3.28&#8243; width=\u00bb160px\u00bb height=\u00bb160px\u00bb border_width_all=\u00bb2px\u00bb border_color_all=\u00bb#ffffff\u00bb _i=\u00bb0&#8243; _address=\u00bb1.1.4.0&#8243;][\/et_pb_image][et_pb_text _builder_version=\u00bb3.28&#8243; text_font=\u00bbCrimson Text||||||||\u00bb text_text_color=\u00bb#ffffff\u00bb text_orientation=\u00bbcenter\u00bb background_layout=\u00bbdark\u00bb link_option_url=\u00bbhttps:\/\/institutosantacruz.edu.ar\/?page_id=2276&#8243; header_3_text_shadow_style=\u00bbpreset1&#8243; header_3_text_shadow_vertical_length=\u00bb0.28em\u00bb _i=\u00bb1&#8243; _address=\u00bb1.1.4.1&#8243;]<\/p>\n<div>\n<h3 style=\"font-size: 15px; font-weight: normal; color: #ffffff; letter-spacing: 3px; text-align: CENTER;\">TEATRO<\/h3>\n<\/div>\n<p>[\/et_pb_text][\/et_pb_column][\/et_pb_row][\/et_pb_section][et_pb_section fb_built=\u00bb1&#8243; _builder_version=\u00bb3.28&#8243; background_color=\u00bb#1c6634&#8243; height=\u00bb213px\u00bb max_height=\u00bb222px\u00bb custom_margin=\u00bb-10px||||false|false\u00bb custom_padding=\u00bb21px|||||\u00bb top_divider_height=\u00bb109px\u00bb top_divider_repeat=\u00bb2x\u00bb top_divider_flip=\u00bbvertical\u00bb locked=\u00bboff\u00bb fb_built=\u00bb1&#8243; _i=\u00bb2&#8243; _address=\u00bb2&#8243;][et_pb_row column_structure=\u00bb1_3,1_3,1_3&#8243; _builder_version=\u00bb3.28&#8243; min_height=\u00bb157px\u00bb custom_margin=\u00bb-20px||||false|false\u00bb _i=\u00bb0&#8243; _address=\u00bb2.0&#8243;][et_pb_column type=\u00bb1_3&#8243; _builder_version=\u00bb3.28&#8243; _i=\u00bb0&#8243; _address=\u00bb2.0.0&#8243;][et_pb_image src=\u00bbhttps:\/\/institutosantacruz.edu.ar\/wp-content\/uploads\/2019\/10\/logo_verde.png\u00bb align=\u00bbcenter\u00bb _builder_version=\u00bb3.28&#8243; _i=\u00bb0&#8243; _address=\u00bb2.0.0.0&#8243;][\/et_pb_image][et_pb_code _builder_version=\u00bb3.28&#8243; text_orientation=\u00bbcenter\u00bb custom_margin=\u00bb-25px||||false|false\u00bb _i=\u00bb1&#8243; _address=\u00bb2.0.0.1&#8243;]<pee style=\"text-align: center;\"><img decoding=\"async\" src=\"https:\/\/institutosantacruz.edu.ar\/wp-content\/uploads\/2019\/10\/tw-1.png\"><img decoding=\"async\" style=\"margin-left: 17px;\" src=\"https:\/\/institutosantacruz.edu.ar\/wp-content\/uploads\/2019\/10\/ig-1.png\"><img decoding=\"async\" style=\"margin-left: 17px;\" src=\"https:\/\/institutosantacruz.edu.ar\/wp-content\/uploads\/2019\/10\/fb-1.png\"><img decoding=\"async\" style=\"margin-left: 17px;\" src=\"https:\/\/institutosantacruz.edu.ar\/wp-content\/uploads\/2019\/10\/ws-1.png\"><\/pee>[\/et_pb_code][\/et_pb_column][et_pb_column type=\u00bb1_3&#8243; _builder_version=\u00bb3.28&#8243; _i=\u00bb1&#8243; _address=\u00bb2.0.1&#8243;][et_pb_code _builder_version=\u00bb3.28&#8243; text_orientation=\u00bbcenter\u00bb _i=\u00bb0&#8243; _address=\u00bb2.0.1.0&#8243;]<pee style=\"color:#fff;font-size:13px;text-align:center;font-weight: lighter;\"><!-- [et_pb_line_break_holder] -->  Colegio Santa Cruz | Todos los derechos reservados \u00ae<!-- [et_pb_line_break_holder] --><\/pee>[\/et_pb_code][\/et_pb_column][et_pb_column type=\u00bb1_3&#8243; _builder_version=\u00bb3.28&#8243; _i=\u00bb2&#8243; _address=\u00bb2.0.2&#8243;][et_pb_code _builder_version=\u00bb3.28&#8243; text_orientation=\u00bbcenter\u00bb hover_enabled=\u00bb0&#8243; _i=\u00bb0&#8243; _address=\u00bb2.0.2.0&#8243;]<pee style=\"color:#fff;font-size:13px;font-weight: lighter;line-height: 1.2;\"><!-- [et_pb_line_break_holder] -->Direcci\u00f3n:<!-- [et_pb_line_break_holder] --><!-- [et_pb_line_break_holder] -->24 de Noviembre 900 &#8211; C.A.B.A.<!-- [et_pb_line_break_holder] --><!-- [et_pb_line_break_holder] -->Bs.As. &#8211; Argentina<\/pee><!-- [et_pb_line_break_holder] --><!-- [et_pb_line_break_holder] --><!-- [et_pb_line_break_holder] --><!-- [et_pb_line_break_holder] --><!-- [et_pb_line_break_holder] --><!-- [et_pb_line_break_holder] --><!-- [et_pb_line_break_holder] --><pee style=\"color:#fff;font-size:13px;font-weight: lighter;line-height: 1.2;\"><!-- [et_pb_line_break_holder] -->Horario de atenci\u00f3n:<!-- [et_pb_line_break_holder] --><!-- [et_pb_line_break_holder] -->Lunes a Viernes de 8:00 a 15 hs.<\/pee><!-- [et_pb_line_break_holder] --><!-- [et_pb_line_break_holder] --><!-- [et_pb_line_break_holder] --><!-- [et_pb_line_break_holder] --><!-- [et_pb_line_break_holder] --><!-- [et_pb_line_break_holder] --><!-- [et_pb_line_break_holder] --><pee style=\"color:#fff;font-size:13px;font-weight: lighter;line-height: 1.2;\"><!-- [et_pb_line_break_holder] -->Tel\u00e9fono:<!-- [et_pb_line_break_holder] --><!-- [et_pb_line_break_holder] -->+54 11 7700 2210 <\/pee><!-- [et_pb_line_break_holder] --><!-- [et_pb_line_break_holder] --><!-- [et_pb_line_break_holder] --><!-- [et_pb_line_break_holder] --><!-- [et_pb_line_break_holder] --><!-- [et_pb_line_break_holder] --><!-- [et_pb_line_break_holder] -->[\/et_pb_code][\/et_pb_column][\/et_pb_row][\/et_pb_section]<\/p>\n","protected":false},"excerpt":{"rendered":"<p>PROYECTO EDUCATIVO Taller de Handball Que los alumnos evolucionen en su desempe\u00f1o, que se genere un grupo unido, que sientan pasi\u00f3n por el deporte que practican, que se diviertan y que aprendan lo importante que es hacer una actividad f\u00edsica. Que desarrollen las habilidades espec\u00edficas del deporte, el trabajo en equipo, camarader\u00eda. CANTO COREOGRAF\u00cdA DANZA [&hellip;]<\/p>\n","protected":false},"author":4,"featured_media":0,"parent":18,"menu_order":0,"comment_status":"closed","ping_status":"closed","template":"","meta":{"_et_pb_use_builder":"on","_et_pb_old_content":"","_et_gb_content_width":"","footnotes":""},"class_list":["post-2246","page","type-page","status-publish","hentry"],"_links":{"self":[{"href":"https:\/\/institutosantacruz.edu.ar\/index.php?rest_route=\/wp\/v2\/pages\/2246","targetHints":{"allow":["GET"]}}],"collection":[{"href":"https:\/\/institutosantacruz.edu.ar\/index.php?rest_route=\/wp\/v2\/pages"}],"about":[{"href":"https:\/\/institutosantacruz.edu.ar\/index.php?rest_route=\/wp\/v2\/types\/page"}],"author":[{"embeddable":true,"href":"https:\/\/institutosantacruz.edu.ar\/index.php?rest_route=\/wp\/v2\/users\/4"}],"replies":[{"embeddable":true,"href":"https:\/\/institutosantacruz.edu.ar\/index.php?rest_route=%2Fwp%2Fv2%2Fcomments&post=2246"}],"version-history":[{"count":9,"href":"https:\/\/institutosantacruz.edu.ar\/index.php?rest_route=\/wp\/v2\/pages\/2246\/revisions"}],"predecessor-version":[{"id":2989,"href":"https:\/\/institutosantacruz.edu.ar\/index.php?rest_route=\/wp\/v2\/pages\/2246\/revisions\/2989"}],"up":[{"embeddable":true,"href":"https:\/\/institutosantacruz.edu.ar\/index.php?rest_route=\/wp\/v2\/pages\/18"}],"wp:attachment":[{"href":"https:\/\/institutosantacruz.edu.ar\/index.php?rest_route=%2Fwp%2Fv2%2Fmedia&parent=2246"}],"curies":[{"name":"wp","href":"https:\/\/api.w.org\/{rel}","templated":true}]}}